{"id":6850,"date":"2024-04-04T14:10:54","date_gmt":"2024-04-04T14:10:54","guid":{"rendered":"https:\/\/diamanttirol.at\/?page_id=6850"},"modified":"2024-06-04T10:18:48","modified_gmt":"2024-06-04T10:18:48","slug":"wilder-kaiser","status":"publish","type":"page","link":"https:\/\/diamanttirol.at\/pt\/wilder-kaiser\/","title":{"rendered":"Regi\u00e3o de Wilder Kaiser"},"content":{"rendered":"<p>A regi\u00e3o de Wilder Kaiser \u00e9 uma joia do Tirol, conhecida por suas belezas naturais de tirar o f\u00f4lego e diversas atividades de lazer. O cora\u00e7\u00e3o da regi\u00e3o \u00e9 formado pelos vilarejos de S\u00f6ll, Ellmau, Going e Scheffau, cada uma com seu charme e car\u00e1ter. Estes locais s\u00e3o pontos de partida ideais para passeios na montanha e oferecem uma vasta oferta de alojamento, desde pousadas acolhedoras a hot\u00e9is luxuosos, a maioria com uma vista deslumbrante sobre a imponente cordilheira Kaisergebirge.<\/p>\n\n\n\n<figure class=\"wp-block-image size-full\"><img fetchpriority=\"high\" decoding=\"async\" width=\"1200\" height=\"800\" src=\"https:\/\/diamanttirol.at\/wp-content\/uploads\/2024\/04\/going-240304-DJ3-005-Pano.webp\" alt=\"\" class=\"wp-image-6854\" srcset=\"https:\/\/diamanttirol.at\/wp-content\/uploads\/2024\/04\/going-240304-DJ3-005-Pano.webp 1200w, https:\/\/diamanttirol.at\/wp-content\/uploads\/2024\/04\/going-240304-DJ3-005-Pano-768x512.webp 768w, https:\/\/diamanttirol.at\/wp-content\/uploads\/2024\/04\/going-240304-DJ3-005-Pano-18x12.webp 18w, https:\/\/diamanttirol.at\/wp-content\/uploads\/2024\/04\/going-240304-DJ3-005-Pano-600x400.webp 600w, https:\/\/diamanttirol.at\/wp-content\/uploads\/2024\/04\/going-240304-DJ3-005-Pano-100x67.webp 100w\" sizes=\"(max-width: 1200px) 100vw, 1200px\" \/><figcaption class=\"wp-element-caption\">Vilarejo Going e a cordilheira Kaisergebirge<\/figcaption><\/figure>\n\n\n\n<p>Ellmau encanta os visitantes com sua paisagem id\u00edlica e acesso direto \u00e0s pistas de esqui no inverno e trilhas para caminhadas no ver\u00e3o. S\u00f6ll \u00e9 conhecida pela sua animada vida noturna e excelentes restaurantes. Going impressiona pelo seu aut\u00eantico car\u00e1ter de aldeia tirolesa. Scheffau, conhecida pelas suas iniciativas de turismo sustent\u00e1vel, \u00e9 o local ideal para os amantes da natureza e para quem procura paz e relaxamento na natureza.<\/p>\n\n\n\n<figure class=\"wp-block-image size-full\"><img decoding=\"async\" width=\"1200\" height=\"800\" src=\"https:\/\/diamanttirol.at\/wp-content\/uploads\/2024\/04\/ellmau-2018-1988.webp\" alt=\"\" class=\"wp-image-6855\" srcset=\"https:\/\/diamanttirol.at\/wp-content\/uploads\/2024\/04\/ellmau-2018-1988.webp 1200w, https:\/\/diamanttirol.at\/wp-content\/uploads\/2024\/04\/ellmau-2018-1988-768x512.webp 768w, https:\/\/diamanttirol.at\/wp-content\/uploads\/2024\/04\/ellmau-2018-1988-18x12.webp 18w, https:\/\/diamanttirol.at\/wp-content\/uploads\/2024\/04\/ellmau-2018-1988-600x400.webp 600w, https:\/\/diamanttirol.at\/wp-content\/uploads\/2024\/04\/ellmau-2018-1988-100x67.webp 100w\" sizes=\"(max-width: 1200px) 100vw, 1200px\" \/><figcaption class=\"wp-element-caption\">Ellmau e o monte Wilde Kaiser<\/figcaption><\/figure>\n\n\n\n<p>O destaque da regi\u00e3o \u00e9 a cordilheira Kaiser Gebrige, tendo o monte Wilder Kaiser como componente marcante. O Kaisergebirge representa um dos cen\u00e1rios montanhosos mais impressionantes da \u00c1ustria. O pr\u00f3prio Wilder Kaiser, com suas faces rochosas \u00edngremes e desfiladeiros profundos, \u00e9 um para\u00edso para escaladores e montanhistas, que procuram desafios e aventuras aqui. Mas tamb\u00e9m as fam\u00edlias encontram \u00f3timas op\u00e7\u00f5es de passeio nas partes mais suaves das montanhas, como amplos campos alpinos e florestas.<\/p>\n\n\n\n<figure class=\"wp-block-image size-full\"><img decoding=\"async\" width=\"1200\" height=\"800\" src=\"https:\/\/diamanttirol.at\/wp-content\/uploads\/2024\/04\/5D-2018-ellmau-2039-B.webp\" alt=\"\" class=\"wp-image-6857\" srcset=\"https:\/\/diamanttirol.at\/wp-content\/uploads\/2024\/04\/5D-2018-ellmau-2039-B.webp 1200w, https:\/\/diamanttirol.at\/wp-content\/uploads\/2024\/04\/5D-2018-ellmau-2039-B-768x512.webp 768w, https:\/\/diamanttirol.at\/wp-content\/uploads\/2024\/04\/5D-2018-ellmau-2039-B-18x12.webp 18w, https:\/\/diamanttirol.at\/wp-content\/uploads\/2024\/04\/5D-2018-ellmau-2039-B-600x400.webp 600w, https:\/\/diamanttirol.at\/wp-content\/uploads\/2024\/04\/5D-2018-ellmau-2039-B-100x67.webp 100w\" sizes=\"(max-width: 1200px) 100vw, 1200px\" \/><figcaption class=\"wp-element-caption\">Vista do Wilder Kaiser<\/figcaption><\/figure>\n\n\n\n<p>Outro destaque da regi\u00e3o \u00e9 o <a href=\"https:\/\/diamanttirol.at\/pt\/hintersteinersee\/\">Lago Hintersteiner See<\/a>, um lago de montanha de \u00e1guas cristalinas, que convida a banhos refrescantes nos meses de ver\u00e3o. Rodeado por montanhas, o lago oferece um cen\u00e1rio pitoresco para caminhadas e dias relaxantes na natureza intocada. Existe um estabelecimento balnear e trilhos para caminhadas no lago.<\/p>\n\n\n\n<figure class=\"wp-block-image size-full\"><img loading=\"lazy\" decoding=\"async\" width=\"800\" height=\"533\" src=\"https:\/\/diamanttirol.at\/wp-content\/uploads\/2023\/08\/hintersteiner-DJI-2021-Hintersteinersee-0236-copy.webp\" alt=\"\" class=\"wp-image-4503\" srcset=\"https:\/\/diamanttirol.at\/wp-content\/uploads\/2023\/08\/hintersteiner-DJI-2021-Hintersteinersee-0236-copy.webp 800w, https:\/\/diamanttirol.at\/wp-content\/uploads\/2023\/08\/hintersteiner-DJI-2021-Hintersteinersee-0236-copy-768x512.webp 768w, https:\/\/diamanttirol.at\/wp-content\/uploads\/2023\/08\/hintersteiner-DJI-2021-Hintersteinersee-0236-copy-18x12.webp 18w, https:\/\/diamanttirol.at\/wp-content\/uploads\/2023\/08\/hintersteiner-DJI-2021-Hintersteinersee-0236-copy-600x400.webp 600w, https:\/\/diamanttirol.at\/wp-content\/uploads\/2023\/08\/hintersteiner-DJI-2021-Hintersteinersee-0236-copy-100x67.webp 100w\" sizes=\"(max-width: 800px) 100vw, 800px\" \/><figcaption class=\"wp-element-caption\">Lago Hintersteiner See<\/figcaption><\/figure>\n\n\n\n<p>informa\u00e7\u00f5es<br>Chegue de carro ou transporte p\u00fablico. A regi\u00e3o fica a cerca de uma hora de carro de Innsbruck.<br>Link externo: <a href=\"https:\/\/www.wilderkaiser.info\/\">Regi\u00e3o de Wilder Kaiser<\/a><\/p>","protected":false},"excerpt":{"rendered":"<p>A regi\u00e3o de Wilder Kaiser \u00e9 uma joia do Tirol, conhecida por suas belezas naturais de tirar o f\u00f4lego e diversas atividades de lazer. O cora\u00e7\u00e3o da regi\u00e3o \u00e9 formado pelas cidades imperiais de S\u00f6ll, Ellmau, Going e Scheffau, cada uma com seu charme e car\u00e1ter. Estes locais s\u00e3o pontos de partida ideais para experi\u00eancias de montanha e oferecem uma vasta oferta de alojamento, desde acolhedoras pousadas\u2026 <a class=\"more-link\" href=\"https:\/\/diamanttirol.at\/pt\/wilder-kaiser\/\">Continuar lendo <span class=\"screen-reader-text\">Regi\u00e3o de Wilder Kaiser<\/span><\/a><\/p>","protected":false},"author":1,"featured_media":0,"parent":0,"menu_order":0,"comment_status":"closed","ping_status":"closed","template":"","meta":{"_acf_changed":false,"footnotes":""},"class_list":{"0":"post-6850","1":"page","2":"type-page","3":"status-publish","5":"entry"},"acf":[],"yoast_head":"<!-- This site is optimized with the Yoast SEO plugin v27.5 - https:\/\/yoast.com\/product\/yoast-seo-wordpress\/ -->\n<title>Region Wilder Kaiser in Tirol<\/title>\n<meta name=\"description\" content=\"Die Region Wilder Kaiser ist ein Juwel in Tirol, bekannt f\u00fcr ihre atemberaubende Natursch\u00f6nheit.\" \/>\n<meta name=\"robots\" content=\"index, follow, max-snippet:-1, max-image-preview:large, max-video-preview:-1\" \/>\n<link rel=\"canonical\" href=\"https:\/\/diamanttirol.at\/pt\/wilder-kaiser\/\" \/>\n<meta property=\"og:locale\" content=\"pt_BR\" \/>\n<meta property=\"og:type\" content=\"article\" \/>\n<meta property=\"og:title\" content=\"Region Wilder Kaiser\" \/>\n<meta property=\"og:description\" content=\"Diamant Tirol\" \/>\n<meta property=\"og:url\" content=\"https:\/\/diamanttirol.at\/pt\/wilder-kaiser\/\" \/>\n<meta property=\"article:modified_time\" content=\"2024-06-04T10:18:48+00:00\" \/>\n<meta property=\"og:image\" content=\"https:\/\/diamanttirol.at\/wp-content\/uploads\/2024\/04\/og-going-240304-DJ3-005-Pano.jpg\" \/>\n\t<meta property=\"og:image:width\" content=\"1200\" \/>\n\t<meta property=\"og:image:height\" content=\"630\" \/>\n\t<meta property=\"og:image:type\" content=\"image\/jpeg\" \/>\n<meta name=\"twitter:card\" content=\"summary_large_image\" \/>\n<meta name=\"twitter:label1\" content=\"Est. tempo de leitura\" \/>\n\t<meta name=\"twitter:data1\" content=\"3 minutos\" \/>\n<script type=\"application\/ld+json\" class=\"yoast-schema-graph\">{\"@context\":\"https:\\\/\\\/schema.org\",\"@graph\":[{\"@type\":\"WebPage\",\"@id\":\"https:\\\/\\\/diamanttirol.at\\\/wilder-kaiser\\\/\",\"url\":\"https:\\\/\\\/diamanttirol.at\\\/wilder-kaiser\\\/\",\"name\":\"Region Wilder Kaiser in Tirol\",\"isPartOf\":{\"@id\":\"https:\\\/\\\/diamanttirol.at\\\/#website\"},\"primaryImageOfPage\":{\"@id\":\"https:\\\/\\\/diamanttirol.at\\\/wilder-kaiser\\\/#primaryimage\"},\"image\":{\"@id\":\"https:\\\/\\\/diamanttirol.at\\\/wilder-kaiser\\\/#primaryimage\"},\"thumbnailUrl\":\"https:\\\/\\\/diamanttirol.at\\\/wp-content\\\/uploads\\\/2024\\\/04\\\/going-240304-DJ3-005-Pano.webp\",\"datePublished\":\"2024-04-04T14:10:54+00:00\",\"dateModified\":\"2024-06-04T10:18:48+00:00\",\"description\":\"Die Region Wilder Kaiser ist ein Juwel in Tirol, bekannt f\u00fcr ihre atemberaubende Natursch\u00f6nheit.\",\"breadcrumb\":{\"@id\":\"https:\\\/\\\/diamanttirol.at\\\/wilder-kaiser\\\/#breadcrumb\"},\"inLanguage\":\"pt-BR\",\"potentialAction\":[{\"@type\":\"ReadAction\",\"target\":[\"https:\\\/\\\/diamanttirol.at\\\/wilder-kaiser\\\/\"]}]},{\"@type\":\"ImageObject\",\"inLanguage\":\"pt-BR\",\"@id\":\"https:\\\/\\\/diamanttirol.at\\\/wilder-kaiser\\\/#primaryimage\",\"url\":\"https:\\\/\\\/diamanttirol.at\\\/wp-content\\\/uploads\\\/2024\\\/04\\\/going-240304-DJ3-005-Pano.webp\",\"contentUrl\":\"https:\\\/\\\/diamanttirol.at\\\/wp-content\\\/uploads\\\/2024\\\/04\\\/going-240304-DJ3-005-Pano.webp\"},{\"@type\":\"BreadcrumbList\",\"@id\":\"https:\\\/\\\/diamanttirol.at\\\/wilder-kaiser\\\/#breadcrumb\",\"itemListElement\":[{\"@type\":\"ListItem\",\"position\":1,\"name\":\"Home\",\"item\":\"https:\\\/\\\/diamanttirol.at\\\/\"},{\"@type\":\"ListItem\",\"position\":2,\"name\":\"Region Wilder Kaiser\"}]},{\"@type\":\"WebSite\",\"@id\":\"https:\\\/\\\/diamanttirol.at\\\/#website\",\"url\":\"https:\\\/\\\/diamanttirol.at\\\/\",\"name\":\"Diamant Tirol\",\"description\":\"\",\"publisher\":{\"@id\":\"https:\\\/\\\/diamanttirol.at\\\/#organization\"},\"potentialAction\":[{\"@type\":\"SearchAction\",\"target\":{\"@type\":\"EntryPoint\",\"urlTemplate\":\"https:\\\/\\\/diamanttirol.at\\\/?s={search_term_string}\"},\"query-input\":{\"@type\":\"PropertyValueSpecification\",\"valueRequired\":true,\"valueName\":\"search_term_string\"}}],\"inLanguage\":\"pt-BR\"},{\"@type\":\"Organization\",\"@id\":\"https:\\\/\\\/diamanttirol.at\\\/#organization\",\"name\":\"Diamant Tirol\",\"url\":\"https:\\\/\\\/diamanttirol.at\\\/\",\"logo\":{\"@type\":\"ImageObject\",\"inLanguage\":\"pt-BR\",\"@id\":\"https:\\\/\\\/diamanttirol.at\\\/#\\\/schema\\\/logo\\\/image\\\/\",\"url\":\"https:\\\/\\\/diamanttirol.at\\\/wp-content\\\/uploads\\\/2024\\\/05\\\/cropped-logo-300x100-1.png\",\"contentUrl\":\"https:\\\/\\\/diamanttirol.at\\\/wp-content\\\/uploads\\\/2024\\\/05\\\/cropped-logo-300x100-1.png\",\"width\":200,\"height\":71,\"caption\":\"Diamant Tirol\"},\"image\":{\"@id\":\"https:\\\/\\\/diamanttirol.at\\\/#\\\/schema\\\/logo\\\/image\\\/\"}}]}<\/script>\n<!-- \/ Yoast SEO plugin. -->","yoast_head_json":{"title":"Regi\u00e3o de Wilder Kaiser no Tirol","description":"A regi\u00e3o de Wilder Kaiser \u00e9 uma joia do Tirol, conhecida por sua beleza natural de tirar o f\u00f4lego.","robots":{"index":"index","follow":"follow","max-snippet":"max-snippet:-1","max-image-preview":"max-image-preview:large","max-video-preview":"max-video-preview:-1"},"canonical":"https:\/\/diamanttirol.at\/pt\/wilder-kaiser\/","og_locale":"pt_BR","og_type":"article","og_title":"Region Wilder Kaiser","og_description":"Diamant Tirol","og_url":"https:\/\/diamanttirol.at\/pt\/wilder-kaiser\/","article_modified_time":"2024-06-04T10:18:48+00:00","og_image":[{"width":1200,"height":630,"url":"https:\/\/diamanttirol.at\/wp-content\/uploads\/2024\/04\/og-going-240304-DJ3-005-Pano.jpg","type":"image\/jpeg"}],"twitter_card":"summary_large_image","twitter_misc":{"Est. tempo de leitura":"3 minutos"},"schema":{"@context":"https:\/\/schema.org","@graph":[{"@type":"WebPage","@id":"https:\/\/diamanttirol.at\/wilder-kaiser\/","url":"https:\/\/diamanttirol.at\/wilder-kaiser\/","name":"Regi\u00e3o de Wilder Kaiser no Tirol","isPartOf":{"@id":"https:\/\/diamanttirol.at\/#website"},"primaryImageOfPage":{"@id":"https:\/\/diamanttirol.at\/wilder-kaiser\/#primaryimage"},"image":{"@id":"https:\/\/diamanttirol.at\/wilder-kaiser\/#primaryimage"},"thumbnailUrl":"https:\/\/diamanttirol.at\/wp-content\/uploads\/2024\/04\/going-240304-DJ3-005-Pano.webp","datePublished":"2024-04-04T14:10:54+00:00","dateModified":"2024-06-04T10:18:48+00:00","description":"A regi\u00e3o de Wilder Kaiser \u00e9 uma joia do Tirol, conhecida por sua beleza natural de tirar o f\u00f4lego.","breadcrumb":{"@id":"https:\/\/diamanttirol.at\/wilder-kaiser\/#breadcrumb"},"inLanguage":"pt-BR","potentialAction":[{"@type":"ReadAction","target":["https:\/\/diamanttirol.at\/wilder-kaiser\/"]}]},{"@type":"ImageObject","inLanguage":"pt-BR","@id":"https:\/\/diamanttirol.at\/wilder-kaiser\/#primaryimage","url":"https:\/\/diamanttirol.at\/wp-content\/uploads\/2024\/04\/going-240304-DJ3-005-Pano.webp","contentUrl":"https:\/\/diamanttirol.at\/wp-content\/uploads\/2024\/04\/going-240304-DJ3-005-Pano.webp"},{"@type":"BreadcrumbList","@id":"https:\/\/diamanttirol.at\/wilder-kaiser\/#breadcrumb","itemListElement":[{"@type":"ListItem","position":1,"name":"Home","item":"https:\/\/diamanttirol.at\/"},{"@type":"ListItem","position":2,"name":"Region Wilder Kaiser"}]},{"@type":"WebSite","@id":"https:\/\/diamanttirol.at\/#website","url":"https:\/\/diamanttirol.at\/","name":"Tirol Diamante","description":"","publisher":{"@id":"https:\/\/diamanttirol.at\/#organization"},"potentialAction":[{"@type":"SearchAction","target":{"@type":"EntryPoint","urlTemplate":"https:\/\/diamanttirol.at\/?s={search_term_string}"},"query-input":{"@type":"PropertyValueSpecification","valueRequired":true,"valueName":"search_term_string"}}],"inLanguage":"pt-BR"},{"@type":"Organization","@id":"https:\/\/diamanttirol.at\/#organization","name":"Tirol Diamante","url":"https:\/\/diamanttirol.at\/","logo":{"@type":"ImageObject","inLanguage":"pt-BR","@id":"https:\/\/diamanttirol.at\/#\/schema\/logo\/image\/","url":"https:\/\/diamanttirol.at\/wp-content\/uploads\/2024\/05\/cropped-logo-300x100-1.png","contentUrl":"https:\/\/diamanttirol.at\/wp-content\/uploads\/2024\/05\/cropped-logo-300x100-1.png","width":200,"height":71,"caption":"Diamant Tirol"},"image":{"@id":"https:\/\/diamanttirol.at\/#\/schema\/logo\/image\/"}}]}},"_links":{"self":[{"href":"https:\/\/diamanttirol.at\/pt\/wp-json\/wp\/v2\/pages\/6850","targetHints":{"allow":["GET"]}}],"collection":[{"href":"https:\/\/diamanttirol.at\/pt\/wp-json\/wp\/v2\/pages"}],"about":[{"href":"https:\/\/diamanttirol.at\/pt\/wp-json\/wp\/v2\/types\/page"}],"author":[{"embeddable":true,"href":"https:\/\/diamanttirol.at\/pt\/wp-json\/wp\/v2\/users\/1"}],"replies":[{"embeddable":true,"href":"https:\/\/diamanttirol.at\/pt\/wp-json\/wp\/v2\/comments?post=6850"}],"version-history":[{"count":0,"href":"https:\/\/diamanttirol.at\/pt\/wp-json\/wp\/v2\/pages\/6850\/revisions"}],"wp:attachment":[{"href":"https:\/\/diamanttirol.at\/pt\/wp-json\/wp\/v2\/media?parent=6850"}],"curies":[{"name":"wp","href":"https:\/\/api.w.org\/{rel}","templated":true}]}}