{"id":585,"date":"2021-08-17T14:10:30","date_gmt":"2021-08-17T14:10:30","guid":{"rendered":"https:\/\/diamanttirol.at\/?page_id=585"},"modified":"2024-09-04T05:38:08","modified_gmt":"2024-09-04T05:38:08","slug":"seefeld-winter","status":"publish","type":"page","link":"https:\/\/diamanttirol.at\/pt\/seefeld-winter\/","title":{"rendered":"Seefeld no inverno"},"content":{"rendered":"<p>Seefeld \u00e9 uma das est\u00e2ncias de f\u00e9rias de inverno mais populares do Tirol. Existem quatro \u00e1reas de esqui na \u00e1rea de Seefeld, duas das quais s\u00e3o para iniciantes. No entanto, o esqui n\u00e3o \u00e9 o destaque absoluto, pois existem \u00e1reas de esqui mais variadas em outras partes do Tirol. Ent\u00e3o, o que torna Seefeld t\u00e3o \u00fanico no inverno?<\/p>\n\n\n\n<figure class=\"wp-block-image size-full\"><img fetchpriority=\"high\" decoding=\"async\" width=\"1200\" height=\"800\" src=\"https:\/\/diamanttirol.at\/wp-content\/uploads\/2024\/01\/seefeld-DJI-2021-seefeld-0028-copy.webp\" alt=\"\" class=\"wp-image-6202\" srcset=\"https:\/\/diamanttirol.at\/wp-content\/uploads\/2024\/01\/seefeld-DJI-2021-seefeld-0028-copy.webp 1200w, https:\/\/diamanttirol.at\/wp-content\/uploads\/2024\/01\/seefeld-DJI-2021-seefeld-0028-copy-768x512.webp 768w, https:\/\/diamanttirol.at\/wp-content\/uploads\/2024\/01\/seefeld-DJI-2021-seefeld-0028-copy-18x12.webp 18w, https:\/\/diamanttirol.at\/wp-content\/uploads\/2024\/01\/seefeld-DJI-2021-seefeld-0028-copy-600x400.webp 600w, https:\/\/diamanttirol.at\/wp-content\/uploads\/2024\/01\/seefeld-DJI-2021-seefeld-0028-copy-100x67.webp 100w\" sizes=\"(max-width: 1200px) 100vw, 1200px\" \/><figcaption class=\"wp-element-caption\">Vista a\u00e9rea de Seefeld<\/figcaption><\/figure>\n\n\n\n<p>Seefeld fica em um planalto a uma altitude muito ensolarada, principalmente acima da linha de neblina. Enquanto Innsbruck e outros lugares nas redondezas s\u00e3o cobertos por um tapete cinza de neblina no inverno, o sol brilha frequentemente em Seefeld.<\/p>\n\n\n\n<figure class=\"wp-block-image size-full\"><img decoding=\"async\" width=\"1200\" height=\"800\" src=\"https:\/\/diamanttirol.at\/wp-content\/uploads\/2024\/01\/seefeld-5D-2017-seefeld-B-0091-copy.webp\" alt=\"\" class=\"wp-image-6203\" srcset=\"https:\/\/diamanttirol.at\/wp-content\/uploads\/2024\/01\/seefeld-5D-2017-seefeld-B-0091-copy.webp 1200w, https:\/\/diamanttirol.at\/wp-content\/uploads\/2024\/01\/seefeld-5D-2017-seefeld-B-0091-copy-768x512.webp 768w, https:\/\/diamanttirol.at\/wp-content\/uploads\/2024\/01\/seefeld-5D-2017-seefeld-B-0091-copy-18x12.webp 18w, https:\/\/diamanttirol.at\/wp-content\/uploads\/2024\/01\/seefeld-5D-2017-seefeld-B-0091-copy-600x400.webp 600w, https:\/\/diamanttirol.at\/wp-content\/uploads\/2024\/01\/seefeld-5D-2017-seefeld-B-0091-copy-100x67.webp 100w\" sizes=\"(max-width: 1200px) 100vw, 1200px\" \/><figcaption class=\"wp-element-caption\">Colina de tobog\u00e3 em Seefeld<\/figcaption><\/figure>\n\n\n\n<p>Em Seefeld existem lojas e restaurantes populares na cidade, bem como v\u00e1rios percursos pedestres pela cidade. Uma trilha popular para caminhada passa por uma pequena colina de uma ponta a outra da cidade em 25 minutos. Outro caminho para caminhada leva ao longo do Wildsee congelado (tamb\u00e9m chamado de Seefelder See).<\/p>\n\n\n\n<figure class=\"wp-block-image size-full\"><img decoding=\"async\" width=\"1200\" height=\"800\" src=\"https:\/\/diamanttirol.at\/wp-content\/uploads\/2024\/01\/seefeld-2019-6759.webp\" alt=\"\" class=\"wp-image-6206\" srcset=\"https:\/\/diamanttirol.at\/wp-content\/uploads\/2024\/01\/seefeld-2019-6759.webp 1200w, https:\/\/diamanttirol.at\/wp-content\/uploads\/2024\/01\/seefeld-2019-6759-768x512.webp 768w, https:\/\/diamanttirol.at\/wp-content\/uploads\/2024\/01\/seefeld-2019-6759-18x12.webp 18w, https:\/\/diamanttirol.at\/wp-content\/uploads\/2024\/01\/seefeld-2019-6759-600x400.webp 600w, https:\/\/diamanttirol.at\/wp-content\/uploads\/2024\/01\/seefeld-2019-6759-100x67.webp 100w\" sizes=\"(max-width: 1200px) 100vw, 1200px\" \/><figcaption class=\"wp-element-caption\">Lago Selvagem Seefeld<\/figcaption><\/figure>\n\n\n\n<p>As atra\u00e7\u00f5es de Seefeld incluem uma piscina coberta, uma pista de patina\u00e7\u00e3o no gelo, pequenas colinas para tobog\u00e3, esqui cross-country, esqui alpino, in\u00fameras lojas de moda e bons restaurantes.<\/p>\n\n\n\n<figure class=\"wp-block-image size-full\"><img loading=\"lazy\" decoding=\"async\" width=\"2000\" height=\"1333\" src=\"https:\/\/diamanttirol.at\/wp-content\/uploads\/2024\/01\/seefeld-5D-2018-seefeld-0248-copy.webp\" alt=\"\" class=\"wp-image-6204\" srcset=\"https:\/\/diamanttirol.at\/wp-content\/uploads\/2024\/01\/seefeld-5D-2018-seefeld-0248-copy.webp 2000w, https:\/\/diamanttirol.at\/wp-content\/uploads\/2024\/01\/seefeld-5D-2018-seefeld-0248-copy-768x512.webp 768w, https:\/\/diamanttirol.at\/wp-content\/uploads\/2024\/01\/seefeld-5D-2018-seefeld-0248-copy-1536x1024.webp 1536w, https:\/\/diamanttirol.at\/wp-content\/uploads\/2024\/01\/seefeld-5D-2018-seefeld-0248-copy-18x12.webp 18w, https:\/\/diamanttirol.at\/wp-content\/uploads\/2024\/01\/seefeld-5D-2018-seefeld-0248-copy-1568x1045.webp 1568w, https:\/\/diamanttirol.at\/wp-content\/uploads\/2024\/01\/seefeld-5D-2018-seefeld-0248-copy-600x400.webp 600w, https:\/\/diamanttirol.at\/wp-content\/uploads\/2024\/01\/seefeld-5D-2018-seefeld-0248-copy-100x67.webp 100w\" sizes=\"(max-width: 2000px) 100vw, 2000px\" \/><figcaption class=\"wp-element-caption\">Vista para Seefeld<\/figcaption><\/figure>\n\n\n\n<p>Seefeld \u00e9 particularmente conhecida pelas suas pistas de esqui cross-country e \u00e9 uma das melhores \u00e1reas de esqui cross-country da Europa. Com mais de 245 km de trilhas perfeitamente cuidadas, atrai entusiastas do esqui cross-country de todo o mundo. Al\u00e9m disso, Seefeld oferece um ambiente descontra\u00eddo e familiar, ideal para caminhadas de inverno e paradas aconchegantes em cabanas alpinas r\u00fasticas. A combina\u00e7\u00e3o de atividades esportivas e bem-estar faz de Seefeld o destino perfeito para f\u00e9rias de inverno.<\/p>\n\n\n\n<p><strong>informa\u00e7\u00f5es<\/strong><br>Como chegar: De trem diretamente de Innsbruck (aproximadamente 20 minutos), o trem para no centro de Seefeld. Existem in\u00fameras op\u00e7\u00f5es de estacionamento de carro, mas muitas vezes ficam superlotadas nos fins de semana ensolarados. Ent\u00e3o voc\u00ea deve chegar cedo o suficiente.<\/p>\n\n\n\n<div class=\"wp-block-group\"><div class=\"wp-block-group__inner-container is-layout-flow wp-block-group-is-layout-flow\">\n<script type=\"application\/ld+json\">{\n    \"@context\": \"https:\\\/\\\/schema.org\",\n    \"@type\": \"FAQPage\",\n    \"mainEntity\": {\n        \"@type\": \"Question\",\n        \"name\": \"Warum ist Seefeld im Winter so einzigartig?\",\n        \"acceptedAnswer\": {\n            \"@type\": \"Answer\",\n            \"text\": \"Seefeld befindet sich in hoher und sehr sonniger Lage, meistens \\u00fcber der Nebelgrenze. W\\u00e4hrend Innsbruck und andere Orte der Umgebung im Winter unter einem grauen Nebelteppich liegen, strahlt in Seefeld meistens die Sonne.\"\n        }\n    }\n}<\/script>\n<\/div><\/div>","protected":false},"excerpt":{"rendered":"<p>Seefeld \u00e9 um dos destinos de f\u00e9rias de inverno mais populares no Tirol. H\u00e1 quatro esta\u00e7\u00f5es de esqui na regi\u00e3o de Seefeld, duas das quais s\u00e3o para iniciantes. No entanto, o esqui n\u00e3o \u00e9 o ponto alto absoluto, j\u00e1 que h\u00e1 esta\u00e7\u00f5es de esqui mais diversificadas em outras partes do Tirol. Ent\u00e3o, o que torna Seefeld t\u00e3o especial no inverno? Seefeld fica em um planalto alto, em uma altitude muito ensolarada, principalmente acima... <a class=\"more-link\" href=\"https:\/\/diamanttirol.at\/pt\/seefeld-winter\/\">Continuar lendo <span class=\"screen-reader-text\">Seefeld no inverno<\/span><\/a><\/p>","protected":false},"author":1,"featured_media":0,"parent":0,"menu_order":0,"comment_status":"closed","ping_status":"closed","template":"","meta":{"_acf_changed":false,"footnotes":""},"class_list":{"0":"post-585","1":"page","2":"type-page","3":"status-publish","5":"entry"},"acf":[],"yoast_head":"<!-- This site is optimized with the Yoast SEO plugin v27.5 - https:\/\/yoast.com\/product\/yoast-seo-wordpress\/ -->\n<title>Tirol im Winter: Seefeld<\/title>\n<meta name=\"description\" content=\"Seefeld geh\u00f6rt zu den beliebtesten Winterurlaubsorten Tirols. Warum ist Seefeld im Winter dann so einzigartig?\" \/>\n<meta name=\"robots\" content=\"index, follow, max-snippet:-1, max-image-preview:large, max-video-preview:-1\" \/>\n<link rel=\"canonical\" href=\"https:\/\/diamanttirol.at\/pt\/seefeld-winter\/\" \/>\n<meta property=\"og:locale\" content=\"pt_BR\" \/>\n<meta property=\"og:type\" content=\"article\" \/>\n<meta property=\"og:title\" content=\"Tirol im Winter: Seefeld\" \/>\n<meta property=\"og:description\" content=\"Seefeld geh\u00f6rt zu den beliebtesten Winterurlaubsorten Tirols. Warum ist Seefeld im Winter dann so einzigartig?\" \/>\n<meta property=\"og:url\" content=\"https:\/\/diamanttirol.at\/pt\/seefeld-winter\/\" \/>\n<meta property=\"article:modified_time\" content=\"2024-09-04T05:38:08+00:00\" \/>\n<meta property=\"og:image\" content=\"https:\/\/diamanttirol.at\/wp-content\/uploads\/2021\/08\/og-seefeld-5D-2018-seefeld-0248.jpg\" \/>\n\t<meta property=\"og:image:width\" content=\"1200\" \/>\n\t<meta property=\"og:image:height\" content=\"630\" \/>\n\t<meta property=\"og:image:type\" content=\"image\/jpeg\" \/>\n<meta name=\"twitter:card\" content=\"summary_large_image\" \/>\n<meta name=\"twitter:label1\" content=\"Est. tempo de leitura\" \/>\n\t<meta name=\"twitter:data1\" content=\"3 minutos\" \/>\n<script type=\"application\/ld+json\" class=\"yoast-schema-graph\">{\"@context\":\"https:\\\/\\\/schema.org\",\"@graph\":[{\"@type\":\"WebPage\",\"@id\":\"https:\\\/\\\/diamanttirol.at\\\/seefeld-winter\\\/\",\"url\":\"https:\\\/\\\/diamanttirol.at\\\/seefeld-winter\\\/\",\"name\":\"Tirol im Winter: Seefeld\",\"isPartOf\":{\"@id\":\"https:\\\/\\\/diamanttirol.at\\\/#website\"},\"primaryImageOfPage\":{\"@id\":\"https:\\\/\\\/diamanttirol.at\\\/seefeld-winter\\\/#primaryimage\"},\"image\":{\"@id\":\"https:\\\/\\\/diamanttirol.at\\\/seefeld-winter\\\/#primaryimage\"},\"thumbnailUrl\":\"https:\\\/\\\/diamanttirol.at\\\/wp-content\\\/uploads\\\/2024\\\/01\\\/seefeld-DJI-2021-seefeld-0028-copy.webp\",\"datePublished\":\"2021-08-17T14:10:30+00:00\",\"dateModified\":\"2024-09-04T05:38:08+00:00\",\"description\":\"Seefeld geh\u00f6rt zu den beliebtesten Winterurlaubsorten Tirols. Warum ist Seefeld im Winter dann so einzigartig?\",\"breadcrumb\":{\"@id\":\"https:\\\/\\\/diamanttirol.at\\\/seefeld-winter\\\/#breadcrumb\"},\"inLanguage\":\"pt-BR\",\"potentialAction\":[{\"@type\":\"ReadAction\",\"target\":[\"https:\\\/\\\/diamanttirol.at\\\/seefeld-winter\\\/\"]}]},{\"@type\":\"ImageObject\",\"inLanguage\":\"pt-BR\",\"@id\":\"https:\\\/\\\/diamanttirol.at\\\/seefeld-winter\\\/#primaryimage\",\"url\":\"https:\\\/\\\/diamanttirol.at\\\/wp-content\\\/uploads\\\/2024\\\/01\\\/seefeld-DJI-2021-seefeld-0028-copy.webp\",\"contentUrl\":\"https:\\\/\\\/diamanttirol.at\\\/wp-content\\\/uploads\\\/2024\\\/01\\\/seefeld-DJI-2021-seefeld-0028-copy.webp\"},{\"@type\":\"BreadcrumbList\",\"@id\":\"https:\\\/\\\/diamanttirol.at\\\/seefeld-winter\\\/#breadcrumb\",\"itemListElement\":[{\"@type\":\"ListItem\",\"position\":1,\"name\":\"Home\",\"item\":\"https:\\\/\\\/diamanttirol.at\\\/\"},{\"@type\":\"ListItem\",\"position\":2,\"name\":\"Seefeld im Winter\"}]},{\"@type\":\"WebSite\",\"@id\":\"https:\\\/\\\/diamanttirol.at\\\/#website\",\"url\":\"https:\\\/\\\/diamanttirol.at\\\/\",\"name\":\"Diamant Tirol\",\"description\":\"\",\"publisher\":{\"@id\":\"https:\\\/\\\/diamanttirol.at\\\/#organization\"},\"potentialAction\":[{\"@type\":\"SearchAction\",\"target\":{\"@type\":\"EntryPoint\",\"urlTemplate\":\"https:\\\/\\\/diamanttirol.at\\\/?s={search_term_string}\"},\"query-input\":{\"@type\":\"PropertyValueSpecification\",\"valueRequired\":true,\"valueName\":\"search_term_string\"}}],\"inLanguage\":\"pt-BR\"},{\"@type\":\"Organization\",\"@id\":\"https:\\\/\\\/diamanttirol.at\\\/#organization\",\"name\":\"Diamant Tirol\",\"url\":\"https:\\\/\\\/diamanttirol.at\\\/\",\"logo\":{\"@type\":\"ImageObject\",\"inLanguage\":\"pt-BR\",\"@id\":\"https:\\\/\\\/diamanttirol.at\\\/#\\\/schema\\\/logo\\\/image\\\/\",\"url\":\"https:\\\/\\\/diamanttirol.at\\\/wp-content\\\/uploads\\\/2024\\\/05\\\/cropped-logo-300x100-1.png\",\"contentUrl\":\"https:\\\/\\\/diamanttirol.at\\\/wp-content\\\/uploads\\\/2024\\\/05\\\/cropped-logo-300x100-1.png\",\"width\":200,\"height\":71,\"caption\":\"Diamant Tirol\"},\"image\":{\"@id\":\"https:\\\/\\\/diamanttirol.at\\\/#\\\/schema\\\/logo\\\/image\\\/\"}}]}<\/script>\n<!-- \/ Yoast SEO plugin. -->","yoast_head_json":{"title":"Tirol no inverno: Seefeld","description":"Seefeld \u00e9 uma das est\u00e2ncias de f\u00e9rias de inverno mais populares do Tirol. Por que Seefeld \u00e9 t\u00e3o \u00fanico no inverno?","robots":{"index":"index","follow":"follow","max-snippet":"max-snippet:-1","max-image-preview":"max-image-preview:large","max-video-preview":"max-video-preview:-1"},"canonical":"https:\/\/diamanttirol.at\/pt\/seefeld-winter\/","og_locale":"pt_BR","og_type":"article","og_title":"Tirol im Winter: Seefeld","og_description":"Seefeld geh\u00f6rt zu den beliebtesten Winterurlaubsorten Tirols. Warum ist Seefeld im Winter dann so einzigartig?","og_url":"https:\/\/diamanttirol.at\/pt\/seefeld-winter\/","article_modified_time":"2024-09-04T05:38:08+00:00","og_image":[{"width":1200,"height":630,"url":"https:\/\/diamanttirol.at\/wp-content\/uploads\/2021\/08\/og-seefeld-5D-2018-seefeld-0248.jpg","type":"image\/jpeg"}],"twitter_card":"summary_large_image","twitter_misc":{"Est. tempo de leitura":"3 minutos"},"schema":{"@context":"https:\/\/schema.org","@graph":[{"@type":"WebPage","@id":"https:\/\/diamanttirol.at\/seefeld-winter\/","url":"https:\/\/diamanttirol.at\/seefeld-winter\/","name":"Tirol no inverno: Seefeld","isPartOf":{"@id":"https:\/\/diamanttirol.at\/#website"},"primaryImageOfPage":{"@id":"https:\/\/diamanttirol.at\/seefeld-winter\/#primaryimage"},"image":{"@id":"https:\/\/diamanttirol.at\/seefeld-winter\/#primaryimage"},"thumbnailUrl":"https:\/\/diamanttirol.at\/wp-content\/uploads\/2024\/01\/seefeld-DJI-2021-seefeld-0028-copy.webp","datePublished":"2021-08-17T14:10:30+00:00","dateModified":"2024-09-04T05:38:08+00:00","description":"Seefeld \u00e9 uma das est\u00e2ncias de f\u00e9rias de inverno mais populares do Tirol. Por que Seefeld \u00e9 t\u00e3o \u00fanico no inverno?","breadcrumb":{"@id":"https:\/\/diamanttirol.at\/seefeld-winter\/#breadcrumb"},"inLanguage":"pt-BR","potentialAction":[{"@type":"ReadAction","target":["https:\/\/diamanttirol.at\/seefeld-winter\/"]}]},{"@type":"ImageObject","inLanguage":"pt-BR","@id":"https:\/\/diamanttirol.at\/seefeld-winter\/#primaryimage","url":"https:\/\/diamanttirol.at\/wp-content\/uploads\/2024\/01\/seefeld-DJI-2021-seefeld-0028-copy.webp","contentUrl":"https:\/\/diamanttirol.at\/wp-content\/uploads\/2024\/01\/seefeld-DJI-2021-seefeld-0028-copy.webp"},{"@type":"BreadcrumbList","@id":"https:\/\/diamanttirol.at\/seefeld-winter\/#breadcrumb","itemListElement":[{"@type":"ListItem","position":1,"name":"Home","item":"https:\/\/diamanttirol.at\/"},{"@type":"ListItem","position":2,"name":"Seefeld im Winter"}]},{"@type":"WebSite","@id":"https:\/\/diamanttirol.at\/#website","url":"https:\/\/diamanttirol.at\/","name":"Tirol Diamante","description":"","publisher":{"@id":"https:\/\/diamanttirol.at\/#organization"},"potentialAction":[{"@type":"SearchAction","target":{"@type":"EntryPoint","urlTemplate":"https:\/\/diamanttirol.at\/?s={search_term_string}"},"query-input":{"@type":"PropertyValueSpecification","valueRequired":true,"valueName":"search_term_string"}}],"inLanguage":"pt-BR"},{"@type":"Organization","@id":"https:\/\/diamanttirol.at\/#organization","name":"Tirol Diamante","url":"https:\/\/diamanttirol.at\/","logo":{"@type":"ImageObject","inLanguage":"pt-BR","@id":"https:\/\/diamanttirol.at\/#\/schema\/logo\/image\/","url":"https:\/\/diamanttirol.at\/wp-content\/uploads\/2024\/05\/cropped-logo-300x100-1.png","contentUrl":"https:\/\/diamanttirol.at\/wp-content\/uploads\/2024\/05\/cropped-logo-300x100-1.png","width":200,"height":71,"caption":"Diamant Tirol"},"image":{"@id":"https:\/\/diamanttirol.at\/#\/schema\/logo\/image\/"}}]}},"_links":{"self":[{"href":"https:\/\/diamanttirol.at\/pt\/wp-json\/wp\/v2\/pages\/585","targetHints":{"allow":["GET"]}}],"collection":[{"href":"https:\/\/diamanttirol.at\/pt\/wp-json\/wp\/v2\/pages"}],"about":[{"href":"https:\/\/diamanttirol.at\/pt\/wp-json\/wp\/v2\/types\/page"}],"author":[{"embeddable":true,"href":"https:\/\/diamanttirol.at\/pt\/wp-json\/wp\/v2\/users\/1"}],"replies":[{"embeddable":true,"href":"https:\/\/diamanttirol.at\/pt\/wp-json\/wp\/v2\/comments?post=585"}],"version-history":[{"count":0,"href":"https:\/\/diamanttirol.at\/pt\/wp-json\/wp\/v2\/pages\/585\/revisions"}],"wp:attachment":[{"href":"https:\/\/diamanttirol.at\/pt\/wp-json\/wp\/v2\/media?parent=585"}],"curies":[{"name":"wp","href":"https:\/\/api.w.org\/{rel}","templated":true}]}}