{"id":2758,"date":"2022-06-29T13:41:59","date_gmt":"2022-06-29T13:41:59","guid":{"rendered":"https:\/\/diamanttirol.at\/?page_id=2758"},"modified":"2024-09-13T16:13:36","modified_gmt":"2024-09-13T16:13:36","slug":"axams","status":"publish","type":"page","link":"https:\/\/diamanttirol.at\/pt\/axams\/","title":{"rendered":"Axams no Tirol"},"content":{"rendered":"<p>Axams \u00e9 um lugar ensolarado a cerca de 25 minutos de carro de Innsbruck. O local \u00e9 particularmente popular entre os entusiastas dos desportos de inverno devido \u00e0 sua proximidade com a \u00e1rea de esqui de Axamer Lizum.<\/p>\n\n\n\n<figure class=\"wp-block-image size-full\"><img fetchpriority=\"high\" decoding=\"async\" width=\"1200\" height=\"800\" src=\"https:\/\/diamanttirol.at\/wp-content\/uploads\/2022\/06\/axams-9906.jpg\" alt=\"\" class=\"wp-image-2760\" srcset=\"https:\/\/diamanttirol.at\/wp-content\/uploads\/2022\/06\/axams-9906.jpg 1200w, https:\/\/diamanttirol.at\/wp-content\/uploads\/2022\/06\/axams-9906-768x512.jpg 768w\" sizes=\"(max-width: 1200px) 100vw, 1200px\" \/><figcaption class=\"wp-element-caption\">Axams no Tirol<\/figcaption><\/figure>\n\n\n\n<p>No entanto, Axams \u00e9 particularmente recomendado para f\u00e9rias relaxantes no ver\u00e3o. A localiza\u00e7\u00e3o acima do Inn Valley, em um planalto ensolarado, oferece paz, ar fresco e muitas oportunidades para caminhadas. Devido ao forte turismo de inverno, existem in\u00fameras boas pousadas que tamb\u00e9m abrem no ver\u00e3o.<\/p>\n\n\n\n<figure class=\"wp-block-image size-full\"><img decoding=\"async\" width=\"1200\" height=\"800\" src=\"https:\/\/diamanttirol.at\/wp-content\/uploads\/2022\/06\/axams-9957.jpg\" alt=\"\" class=\"wp-image-2761\" srcset=\"https:\/\/diamanttirol.at\/wp-content\/uploads\/2022\/06\/axams-9957.jpg 1200w, https:\/\/diamanttirol.at\/wp-content\/uploads\/2022\/06\/axams-9957-768x512.jpg 768w\" sizes=\"(max-width: 1200px) 100vw, 1200px\" \/><figcaption class=\"wp-element-caption\">Casa hist\u00f3rica em Axams<\/figcaption><\/figure>\n\n\n\n<p>Na pr\u00f3pria aldeia existem in\u00fameras casas hist\u00f3ricas que d\u00e3o aos visitantes uma vis\u00e3o do passado do Tirol. Axams \u00e9 mencionado em documentos desde o s\u00e9culo X.<\/p>\n\n\n\n<figure class=\"wp-block-image size-full\"><img decoding=\"async\" width=\"1200\" height=\"800\" src=\"https:\/\/diamanttirol.at\/wp-content\/uploads\/2022\/06\/axams-9969.jpg\" alt=\"\" class=\"wp-image-2762\" srcset=\"https:\/\/diamanttirol.at\/wp-content\/uploads\/2022\/06\/axams-9969.jpg 1200w, https:\/\/diamanttirol.at\/wp-content\/uploads\/2022\/06\/axams-9969-768x512.jpg 768w\" sizes=\"(max-width: 1200px) 100vw, 1200px\" \/><figcaption class=\"wp-element-caption\">Casa hist\u00f3rica em Axams<\/figcaption><\/figure>\n\n\n\n<p>No ver\u00e3o, Axams oferece n\u00e3o apenas caminhadas e locais hist\u00f3ricos, mas tamb\u00e9m in\u00fameras atividades de lazer. O centro de lazer Axams convida voc\u00ea ao relaxamento ativo com sua piscina e quadras de t\u00eanis. Os ciclistas de montanha tamb\u00e9m encontrar\u00e3o aqui rotas adequadas para explorar a natureza. Se preferir algo mais tranquilo, pode fazer passeios pela aldeia e admirar a arquitectura tradicional tirolesa. Particularmente dignos de nota s\u00e3o os numerosos eventos culturais e festivais que acontecem no ver\u00e3o e oferecem aos h\u00f3spedes uma vis\u00e3o aut\u00eantica do modo de vida tirol\u00eas.<\/p>\n\n\n\n<p>A \u00e1rea tamb\u00e9m \u00e9 particularmente recomendada <a href=\"https:\/\/diamanttirol.at\/pt\/axamerlizum\/\">Axamer Lizum<\/a>. No ver\u00e3o, a regi\u00e3o de esqui se torna uma \u00e1rea maravilhosa para caminhadas.<\/p>\n\n\n\n<figure class=\"wp-block-image size-full\"><img loading=\"lazy\" decoding=\"async\" width=\"2000\" height=\"1333\" src=\"https:\/\/diamanttirol.at\/wp-content\/uploads\/2022\/06\/axamer-D4-2019-axamlizum-5369.jpg\" alt=\"\" class=\"wp-image-2763\" srcset=\"https:\/\/diamanttirol.at\/wp-content\/uploads\/2022\/06\/axamer-D4-2019-axamlizum-5369.jpg 2000w, https:\/\/diamanttirol.at\/wp-content\/uploads\/2022\/06\/axamer-D4-2019-axamlizum-5369-768x512.jpg 768w, https:\/\/diamanttirol.at\/wp-content\/uploads\/2022\/06\/axamer-D4-2019-axamlizum-5369-1536x1024.jpg 1536w, https:\/\/diamanttirol.at\/wp-content\/uploads\/2022\/06\/axamer-D4-2019-axamlizum-5369-1568x1045.jpg 1568w\" sizes=\"(max-width: 2000px) 100vw, 2000px\" \/><figcaption class=\"wp-element-caption\">Axamer Lizum<\/figcaption><\/figure>\n\n\n\n<p class=\"translation-block\"><strong>informa\u00e7\u00f5es<\/strong><br> Localiza\u00e7\u00e3o: Perto de Innsbruck, a 25 minutos de carro ou \u00f4nibus.<br> Caracter\u00edsticas especiais: paisagem, pousadas e edif\u00edcios hist\u00f3ricos.<br> Link externo: <a href=\"https:\/\/www.axams.tirol.gv.at\/\" target=\"_blank\" rel=\"noreferrer noopener\">comunidade Axams<\/a><\/p>\n\n\n\n<script type=\"application\/ld+json\">{\n    \"@context\": \"https:\\\/\\\/schema.org\",\n    \"@type\": \"FAQPage\",\n    \"mainEntity\": [\n        {\n            \"@type\": \"Question\",\n            \"name\": \"Liegt Axams in der Axamer Lizum?\",\n            \"acceptedAnswer\": {\n                \"@type\": \"Answer\",\n                \"text\": \"Das Dorf Axams (Tirol) liegt 15 Autominuten von der Axamer Lizum entfernt.\"\n            }\n        },\n        {\n            \"@type\": \"Question\",\n            \"name\": \"Lohnt es sich Axams im Sommer zu besuchen?\",\n            \"acceptedAnswer\": {\n                \"@type\": \"Answer\",\n                \"text\": \"Axams (Tirol) ist besonders im Sommer f\\u00fcr einen erholsamen Urlaub zu empfehlen. Die Lage hoch \\u00fcber dem Inntal, auf einem sonnigen Plateau, bietet Ruhe, frische Luft und viele Wanderm\\u00f6glichkeiten an.\"\n            }\n        }\n    ]\n}<\/script>","protected":false},"excerpt":{"rendered":"<p>Axams \u00e9 uma vila ensolarada a cerca de 25 minutos de carro de Innsbruck. A vila \u00e9 especialmente popular entre os entusiastas de esportes de inverno devido \u00e0 sua proximidade com a esta\u00e7\u00e3o de esqui Axamer Lizum. No entanto, Axams \u00e9 especialmente recomendada para f\u00e9rias relaxantes no ver\u00e3o. Sua localiza\u00e7\u00e3o no alto do Vale Inn, em um planalto ensolarado, oferece paz, ar fresco e in\u00fameras oportunidades de trilhas.\u2026 <a class=\"more-link\" href=\"https:\/\/diamanttirol.at\/pt\/axams\/\">Continuar lendo <span class=\"screen-reader-text\">Axams no Tirol<\/span><\/a><\/p>","protected":false},"author":1,"featured_media":0,"parent":0,"menu_order":0,"comment_status":"closed","ping_status":"closed","template":"","meta":{"_acf_changed":false,"footnotes":""},"class_list":{"0":"post-2758","1":"page","2":"type-page","3":"status-publish","5":"entry"},"acf":[],"yoast_head":"<!-- This site is optimized with the Yoast SEO plugin v27.4 - https:\/\/yoast.com\/product\/yoast-seo-wordpress\/ -->\n<title>Axams in Tirol<\/title>\n<meta name=\"description\" content=\"Axams ist ein sonniger Ort in der N\u00e4he von Innsbruck, besonders beliebt bei Wintersportlern, aufgrund der N\u00e4he zum Skigebiet Axamer Lizum.\" \/>\n<meta name=\"robots\" content=\"index, follow, max-snippet:-1, max-image-preview:large, max-video-preview:-1\" \/>\n<link rel=\"canonical\" href=\"https:\/\/diamanttirol.at\/pt\/axams\/\" \/>\n<meta property=\"og:locale\" content=\"pt_BR\" \/>\n<meta property=\"og:type\" content=\"article\" \/>\n<meta property=\"og:title\" content=\"Axams\" \/>\n<meta property=\"og:description\" content=\"ein Ort in Tirol\" \/>\n<meta property=\"og:url\" content=\"https:\/\/diamanttirol.at\/pt\/axams\/\" \/>\n<meta property=\"article:modified_time\" content=\"2024-09-13T16:13:36+00:00\" \/>\n<meta property=\"og:image\" content=\"https:\/\/diamanttirol.at\/wp-content\/uploads\/2022\/06\/og-axams-9906.jpg\" \/>\n\t<meta property=\"og:image:width\" content=\"1200\" \/>\n\t<meta property=\"og:image:height\" content=\"630\" \/>\n\t<meta property=\"og:image:type\" content=\"image\/jpeg\" \/>\n<meta name=\"twitter:card\" content=\"summary_large_image\" \/>\n<meta name=\"twitter:label1\" content=\"Est. tempo de leitura\" \/>\n\t<meta name=\"twitter:data1\" content=\"3 minutos\" \/>\n<script type=\"application\/ld+json\" class=\"yoast-schema-graph\">{\"@context\":\"https:\\\/\\\/schema.org\",\"@graph\":[{\"@type\":\"WebPage\",\"@id\":\"https:\\\/\\\/diamanttirol.at\\\/axams\\\/\",\"url\":\"https:\\\/\\\/diamanttirol.at\\\/axams\\\/\",\"name\":\"Axams in Tirol\",\"isPartOf\":{\"@id\":\"https:\\\/\\\/diamanttirol.at\\\/#website\"},\"primaryImageOfPage\":{\"@id\":\"https:\\\/\\\/diamanttirol.at\\\/axams\\\/#primaryimage\"},\"image\":{\"@id\":\"https:\\\/\\\/diamanttirol.at\\\/axams\\\/#primaryimage\"},\"thumbnailUrl\":\"https:\\\/\\\/diamanttirol.at\\\/wp-content\\\/uploads\\\/2022\\\/06\\\/axams-9906.jpg\",\"datePublished\":\"2022-06-29T13:41:59+00:00\",\"dateModified\":\"2024-09-13T16:13:36+00:00\",\"description\":\"Axams ist ein sonniger Ort in der N\u00e4he von Innsbruck, besonders beliebt bei Wintersportlern, aufgrund der N\u00e4he zum Skigebiet Axamer Lizum.\",\"breadcrumb\":{\"@id\":\"https:\\\/\\\/diamanttirol.at\\\/axams\\\/#breadcrumb\"},\"inLanguage\":\"pt-BR\",\"potentialAction\":[{\"@type\":\"ReadAction\",\"target\":[\"https:\\\/\\\/diamanttirol.at\\\/axams\\\/\"]}]},{\"@type\":\"ImageObject\",\"inLanguage\":\"pt-BR\",\"@id\":\"https:\\\/\\\/diamanttirol.at\\\/axams\\\/#primaryimage\",\"url\":\"https:\\\/\\\/diamanttirol.at\\\/wp-content\\\/uploads\\\/2022\\\/06\\\/axams-9906.jpg\",\"contentUrl\":\"https:\\\/\\\/diamanttirol.at\\\/wp-content\\\/uploads\\\/2022\\\/06\\\/axams-9906.jpg\"},{\"@type\":\"BreadcrumbList\",\"@id\":\"https:\\\/\\\/diamanttirol.at\\\/axams\\\/#breadcrumb\",\"itemListElement\":[{\"@type\":\"ListItem\",\"position\":1,\"name\":\"Home\",\"item\":\"https:\\\/\\\/diamanttirol.at\\\/\"},{\"@type\":\"ListItem\",\"position\":2,\"name\":\"Axams in Tirol\"}]},{\"@type\":\"WebSite\",\"@id\":\"https:\\\/\\\/diamanttirol.at\\\/#website\",\"url\":\"https:\\\/\\\/diamanttirol.at\\\/\",\"name\":\"Diamant Tirol\",\"description\":\"\",\"publisher\":{\"@id\":\"https:\\\/\\\/diamanttirol.at\\\/#organization\"},\"potentialAction\":[{\"@type\":\"SearchAction\",\"target\":{\"@type\":\"EntryPoint\",\"urlTemplate\":\"https:\\\/\\\/diamanttirol.at\\\/?s={search_term_string}\"},\"query-input\":{\"@type\":\"PropertyValueSpecification\",\"valueRequired\":true,\"valueName\":\"search_term_string\"}}],\"inLanguage\":\"pt-BR\"},{\"@type\":\"Organization\",\"@id\":\"https:\\\/\\\/diamanttirol.at\\\/#organization\",\"name\":\"Diamant Tirol\",\"url\":\"https:\\\/\\\/diamanttirol.at\\\/\",\"logo\":{\"@type\":\"ImageObject\",\"inLanguage\":\"pt-BR\",\"@id\":\"https:\\\/\\\/diamanttirol.at\\\/#\\\/schema\\\/logo\\\/image\\\/\",\"url\":\"https:\\\/\\\/diamanttirol.at\\\/wp-content\\\/uploads\\\/2024\\\/05\\\/cropped-logo-300x100-1.png\",\"contentUrl\":\"https:\\\/\\\/diamanttirol.at\\\/wp-content\\\/uploads\\\/2024\\\/05\\\/cropped-logo-300x100-1.png\",\"width\":200,\"height\":71,\"caption\":\"Diamant Tirol\"},\"image\":{\"@id\":\"https:\\\/\\\/diamanttirol.at\\\/#\\\/schema\\\/logo\\\/image\\\/\"}}]}<\/script>\n<!-- \/ Yoast SEO plugin. -->","yoast_head_json":{"title":"Axams no Tirol","description":"Axams \u00e9 um lugar ensolarado perto de Innsbruck, particularmente popular entre os entusiastas dos esportes de inverno devido \u00e0 sua proximidade com a \u00e1rea de esqui de Axamer Lizum.","robots":{"index":"index","follow":"follow","max-snippet":"max-snippet:-1","max-image-preview":"max-image-preview:large","max-video-preview":"max-video-preview:-1"},"canonical":"https:\/\/diamanttirol.at\/pt\/axams\/","og_locale":"pt_BR","og_type":"article","og_title":"Axams","og_description":"ein Ort in Tirol","og_url":"https:\/\/diamanttirol.at\/pt\/axams\/","article_modified_time":"2024-09-13T16:13:36+00:00","og_image":[{"width":1200,"height":630,"url":"https:\/\/diamanttirol.at\/wp-content\/uploads\/2022\/06\/og-axams-9906.jpg","type":"image\/jpeg"}],"twitter_card":"summary_large_image","twitter_misc":{"Est. tempo de leitura":"3 minutos"},"schema":{"@context":"https:\/\/schema.org","@graph":[{"@type":"WebPage","@id":"https:\/\/diamanttirol.at\/axams\/","url":"https:\/\/diamanttirol.at\/axams\/","name":"Axams no Tirol","isPartOf":{"@id":"https:\/\/diamanttirol.at\/#website"},"primaryImageOfPage":{"@id":"https:\/\/diamanttirol.at\/axams\/#primaryimage"},"image":{"@id":"https:\/\/diamanttirol.at\/axams\/#primaryimage"},"thumbnailUrl":"https:\/\/diamanttirol.at\/wp-content\/uploads\/2022\/06\/axams-9906.jpg","datePublished":"2022-06-29T13:41:59+00:00","dateModified":"2024-09-13T16:13:36+00:00","description":"Axams \u00e9 um lugar ensolarado perto de Innsbruck, particularmente popular entre os entusiastas dos esportes de inverno devido \u00e0 sua proximidade com a \u00e1rea de esqui de Axamer Lizum.","breadcrumb":{"@id":"https:\/\/diamanttirol.at\/axams\/#breadcrumb"},"inLanguage":"pt-BR","potentialAction":[{"@type":"ReadAction","target":["https:\/\/diamanttirol.at\/axams\/"]}]},{"@type":"ImageObject","inLanguage":"pt-BR","@id":"https:\/\/diamanttirol.at\/axams\/#primaryimage","url":"https:\/\/diamanttirol.at\/wp-content\/uploads\/2022\/06\/axams-9906.jpg","contentUrl":"https:\/\/diamanttirol.at\/wp-content\/uploads\/2022\/06\/axams-9906.jpg"},{"@type":"BreadcrumbList","@id":"https:\/\/diamanttirol.at\/axams\/#breadcrumb","itemListElement":[{"@type":"ListItem","position":1,"name":"Home","item":"https:\/\/diamanttirol.at\/"},{"@type":"ListItem","position":2,"name":"Axams in Tirol"}]},{"@type":"WebSite","@id":"https:\/\/diamanttirol.at\/#website","url":"https:\/\/diamanttirol.at\/","name":"Tirol Diamante","description":"","publisher":{"@id":"https:\/\/diamanttirol.at\/#organization"},"potentialAction":[{"@type":"SearchAction","target":{"@type":"EntryPoint","urlTemplate":"https:\/\/diamanttirol.at\/?s={search_term_string}"},"query-input":{"@type":"PropertyValueSpecification","valueRequired":true,"valueName":"search_term_string"}}],"inLanguage":"pt-BR"},{"@type":"Organization","@id":"https:\/\/diamanttirol.at\/#organization","name":"Tirol Diamante","url":"https:\/\/diamanttirol.at\/","logo":{"@type":"ImageObject","inLanguage":"pt-BR","@id":"https:\/\/diamanttirol.at\/#\/schema\/logo\/image\/","url":"https:\/\/diamanttirol.at\/wp-content\/uploads\/2024\/05\/cropped-logo-300x100-1.png","contentUrl":"https:\/\/diamanttirol.at\/wp-content\/uploads\/2024\/05\/cropped-logo-300x100-1.png","width":200,"height":71,"caption":"Diamant Tirol"},"image":{"@id":"https:\/\/diamanttirol.at\/#\/schema\/logo\/image\/"}}]}},"_links":{"self":[{"href":"https:\/\/diamanttirol.at\/pt\/wp-json\/wp\/v2\/pages\/2758","targetHints":{"allow":["GET"]}}],"collection":[{"href":"https:\/\/diamanttirol.at\/pt\/wp-json\/wp\/v2\/pages"}],"about":[{"href":"https:\/\/diamanttirol.at\/pt\/wp-json\/wp\/v2\/types\/page"}],"author":[{"embeddable":true,"href":"https:\/\/diamanttirol.at\/pt\/wp-json\/wp\/v2\/users\/1"}],"replies":[{"embeddable":true,"href":"https:\/\/diamanttirol.at\/pt\/wp-json\/wp\/v2\/comments?post=2758"}],"version-history":[{"count":0,"href":"https:\/\/diamanttirol.at\/pt\/wp-json\/wp\/v2\/pages\/2758\/revisions"}],"wp:attachment":[{"href":"https:\/\/diamanttirol.at\/pt\/wp-json\/wp\/v2\/media?parent=2758"}],"curies":[{"name":"wp","href":"https:\/\/api.w.org\/{rel}","templated":true}]}}