{"id":5819,"date":"2023-12-06T15:37:08","date_gmt":"2023-12-06T15:37:08","guid":{"rendered":"https:\/\/diamanttirol.at\/?page_id=5819"},"modified":"2023-12-06T15:37:14","modified_gmt":"2023-12-06T15:37:14","slug":"see-eislaufen","status":"publish","type":"page","link":"https:\/\/diamanttirol.at\/en\/see-eislaufen\/","title":{"rendered":"Ice skating at the lake"},"content":{"rendered":"<p>Tyrol, a region known for its breathtaking natural beauty and winter activities, offers a unique experience: ice skating on natural lakes. In order to enjoy this pleasure safely, it is important to only skate on lakes that have been officially approved for ice skating by the relevant authorities. The safety of the ice cover is carefully checked to ensure a safe and unforgettable ice skating experience.<\/p>\n\n\n\n<figure class=\"wp-block-image size-full\"><img fetchpriority=\"high\" decoding=\"async\" width=\"1200\" height=\"800\" src=\"https:\/\/diamanttirol.at\/wp-content\/uploads\/2023\/12\/piburger-DJI-2021-piburgersee-0123.webp\" alt=\"\" class=\"wp-image-5821\" srcset=\"https:\/\/diamanttirol.at\/wp-content\/uploads\/2023\/12\/piburger-DJI-2021-piburgersee-0123.webp 1200w, https:\/\/diamanttirol.at\/wp-content\/uploads\/2023\/12\/piburger-DJI-2021-piburgersee-0123-768x512.webp 768w, https:\/\/diamanttirol.at\/wp-content\/uploads\/2023\/12\/piburger-DJI-2021-piburgersee-0123-18x12.webp 18w, https:\/\/diamanttirol.at\/wp-content\/uploads\/2023\/12\/piburger-DJI-2021-piburgersee-0123-600x400.webp 600w, https:\/\/diamanttirol.at\/wp-content\/uploads\/2023\/12\/piburger-DJI-2021-piburgersee-0123-100x67.webp 100w\" sizes=\"(max-width: 1200px) 100vw, 1200px\" \/><figcaption class=\"wp-element-caption\">Ice skating trail at Lake Piburger See<\/figcaption><\/figure>\n\n\n\n<p>The freedom to glide on a sparkling natural lake in the middle of the idyllic Tyrolean landscape is an experience that should not be missed. Surrounded by snow-capped mountains and a clear winter sky, ice skating on a natural lake provides a feeling of freedom and closeness to nature that is different from any other ice skating rink.<\/p>\n\n\n\n<figure class=\"wp-block-image size-full\"><img decoding=\"async\" width=\"1200\" height=\"800\" src=\"https:\/\/diamanttirol.at\/wp-content\/uploads\/2023\/12\/piburger-D4-2021-piburgersee-1780.webp\" alt=\"\" class=\"wp-image-5822\" srcset=\"https:\/\/diamanttirol.at\/wp-content\/uploads\/2023\/12\/piburger-D4-2021-piburgersee-1780.webp 1200w, https:\/\/diamanttirol.at\/wp-content\/uploads\/2023\/12\/piburger-D4-2021-piburgersee-1780-768x512.webp 768w, https:\/\/diamanttirol.at\/wp-content\/uploads\/2023\/12\/piburger-D4-2021-piburgersee-1780-18x12.webp 18w, https:\/\/diamanttirol.at\/wp-content\/uploads\/2023\/12\/piburger-D4-2021-piburgersee-1780-600x400.webp 600w, https:\/\/diamanttirol.at\/wp-content\/uploads\/2023\/12\/piburger-D4-2021-piburgersee-1780-100x67.webp 100w\" sizes=\"(max-width: 1200px) 100vw, 1200px\" \/><figcaption class=\"wp-element-caption\">Lake Piburger See in Tyrol<\/figcaption><\/figure>\n\n\n\n<p>Before you set off, you should find out whether ice skates can be rented at the lake. Not all places offer this option, so it makes sense to plan ahead to avoid disappointment.<\/p>\n\n\n\n<figure class=\"wp-block-image size-full\"><img decoding=\"async\" width=\"1200\" height=\"800\" src=\"https:\/\/diamanttirol.at\/wp-content\/uploads\/2023\/12\/Fernsteinsee-2019-2667.webp\" alt=\"\" class=\"wp-image-5826\" srcset=\"https:\/\/diamanttirol.at\/wp-content\/uploads\/2023\/12\/Fernsteinsee-2019-2667.webp 1200w, https:\/\/diamanttirol.at\/wp-content\/uploads\/2023\/12\/Fernsteinsee-2019-2667-768x512.webp 768w, https:\/\/diamanttirol.at\/wp-content\/uploads\/2023\/12\/Fernsteinsee-2019-2667-18x12.webp 18w, https:\/\/diamanttirol.at\/wp-content\/uploads\/2023\/12\/Fernsteinsee-2019-2667-600x400.webp 600w, https:\/\/diamanttirol.at\/wp-content\/uploads\/2023\/12\/Fernsteinsee-2019-2667-100x67.webp 100w\" sizes=\"(max-width: 1200px) 100vw, 1200px\" \/><figcaption class=\"wp-element-caption\">The ice must be thick enough for ice skating.<\/figcaption><\/figure>\n\n\n\n<p>There are a number of natural lakes in Tyrol that are ideal for ice skating. The most popular destinations include the Piburger See in the \u00d6tztal, the Hechtsee and the Thiersee in Kufstein, the M\u00f6serer See in M\u00f6sern, the Lanser See near Innsbruck and the Tristacher See in East Tyrol. Each of these lakes offers a unique ice skating experience amidst the impressive Tyrolean landscape.<\/p>\n\n\n\n<figure class=\"wp-block-image size-full\"><img loading=\"lazy\" decoding=\"async\" width=\"1200\" height=\"800\" src=\"https:\/\/diamanttirol.at\/wp-content\/uploads\/2023\/12\/eislaufen-i.webp\" alt=\"\" class=\"wp-image-5824\" srcset=\"https:\/\/diamanttirol.at\/wp-content\/uploads\/2023\/12\/eislaufen-i.webp 1200w, https:\/\/diamanttirol.at\/wp-content\/uploads\/2023\/12\/eislaufen-i-768x512.webp 768w, https:\/\/diamanttirol.at\/wp-content\/uploads\/2023\/12\/eislaufen-i-18x12.webp 18w, https:\/\/diamanttirol.at\/wp-content\/uploads\/2023\/12\/eislaufen-i-600x400.webp 600w, https:\/\/diamanttirol.at\/wp-content\/uploads\/2023\/12\/eislaufen-i-100x67.webp 100w\" sizes=\"(max-width: 1200px) 100vw, 1200px\" \/><figcaption class=\"wp-element-caption\">When a lake is open, fun is the order of the day.<\/figcaption><\/figure>\n\n\n\n<p>However, before you lace up your skates, it&#039;s crucial to check current conditions with your local tourist information office. The lakes are only open for ice skating if the ice layer is stable and safe enough. This information is updated regularly to ensure the safety of all visitors.<\/p>","protected":false},"excerpt":{"rendered":"<p>Tyrol, a region known for its stunning natural beauty and winter activities, offers a unique experience: ice skating on natural lakes. To enjoy this pleasure safely, it is important to only skate on lakes that have been officially approved for ice skating by the relevant authorities. The safety of the ice cover is carefully checked to ensure safe\u2026 <a class=\"more-link\" href=\"https:\/\/diamanttirol.at\/en\/see-eislaufen\/\">Continue reading <span class=\"screen-reader-text\">Ice skating at the lake<\/span><\/a><\/p>","protected":false},"author":1,"featured_media":0,"parent":0,"menu_order":0,"comment_status":"closed","ping_status":"closed","template":"","meta":{"_acf_changed":false,"footnotes":""},"class_list":{"0":"post-5819","1":"page","2":"type-page","3":"status-publish","5":"entry"},"acf":[],"yoast_head":"<!-- This site is optimized with the Yoast SEO plugin v27.4 - https:\/\/yoast.com\/product\/yoast-seo-wordpress\/ -->\n<title>Eislaufen am See in Tirol<\/title>\n<meta name=\"description\" content=\"Tirol, eine Region, die f\u00fcr ihre atemberaubende Natursch\u00f6nheit bekannt ist, bietet ein einzigartiges Erlebnis: Eislaufen auf Naturseen.\" \/>\n<meta name=\"robots\" content=\"index, follow, max-snippet:-1, max-image-preview:large, max-video-preview:-1\" \/>\n<link rel=\"canonical\" href=\"https:\/\/diamanttirol.at\/en\/see-eislaufen\/\" \/>\n<meta property=\"og:locale\" content=\"en_US\" \/>\n<meta property=\"og:type\" content=\"article\" \/>\n<meta property=\"og:title\" content=\"Eislaufen am See\" \/>\n<meta property=\"og:description\" content=\"Diamant Tirol\" \/>\n<meta property=\"og:url\" content=\"https:\/\/diamanttirol.at\/en\/see-eislaufen\/\" \/>\n<meta property=\"article:modified_time\" content=\"2023-12-06T15:37:14+00:00\" \/>\n<meta property=\"og:image\" content=\"https:\/\/diamanttirol.at\/wp-content\/uploads\/2023\/12\/og-piburger-D4-2021-piburgersee-1780.jpg\" \/>\n\t<meta property=\"og:image:width\" content=\"1200\" \/>\n\t<meta property=\"og:image:height\" content=\"630\" \/>\n\t<meta property=\"og:image:type\" content=\"image\/jpeg\" \/>\n<meta name=\"twitter:card\" content=\"summary_large_image\" \/>\n<meta name=\"twitter:label1\" content=\"Est. reading time\" \/>\n\t<meta name=\"twitter:data1\" content=\"3 minutes\" \/>\n<script type=\"application\/ld+json\" class=\"yoast-schema-graph\">{\"@context\":\"https:\\\/\\\/schema.org\",\"@graph\":[{\"@type\":\"WebPage\",\"@id\":\"https:\\\/\\\/diamanttirol.at\\\/see-eislaufen\\\/\",\"url\":\"https:\\\/\\\/diamanttirol.at\\\/see-eislaufen\\\/\",\"name\":\"Eislaufen am See in Tirol\",\"isPartOf\":{\"@id\":\"https:\\\/\\\/diamanttirol.at\\\/#website\"},\"primaryImageOfPage\":{\"@id\":\"https:\\\/\\\/diamanttirol.at\\\/see-eislaufen\\\/#primaryimage\"},\"image\":{\"@id\":\"https:\\\/\\\/diamanttirol.at\\\/see-eislaufen\\\/#primaryimage\"},\"thumbnailUrl\":\"https:\\\/\\\/diamanttirol.at\\\/wp-content\\\/uploads\\\/2023\\\/12\\\/piburger-DJI-2021-piburgersee-0123.webp\",\"datePublished\":\"2023-12-06T15:37:08+00:00\",\"dateModified\":\"2023-12-06T15:37:14+00:00\",\"description\":\"Tirol, eine Region, die f\u00fcr ihre atemberaubende Natursch\u00f6nheit bekannt ist, bietet ein einzigartiges Erlebnis: Eislaufen auf Naturseen.\",\"breadcrumb\":{\"@id\":\"https:\\\/\\\/diamanttirol.at\\\/see-eislaufen\\\/#breadcrumb\"},\"inLanguage\":\"en-US\",\"potentialAction\":[{\"@type\":\"ReadAction\",\"target\":[\"https:\\\/\\\/diamanttirol.at\\\/see-eislaufen\\\/\"]}]},{\"@type\":\"ImageObject\",\"inLanguage\":\"en-US\",\"@id\":\"https:\\\/\\\/diamanttirol.at\\\/see-eislaufen\\\/#primaryimage\",\"url\":\"https:\\\/\\\/diamanttirol.at\\\/wp-content\\\/uploads\\\/2023\\\/12\\\/piburger-DJI-2021-piburgersee-0123.webp\",\"contentUrl\":\"https:\\\/\\\/diamanttirol.at\\\/wp-content\\\/uploads\\\/2023\\\/12\\\/piburger-DJI-2021-piburgersee-0123.webp\"},{\"@type\":\"BreadcrumbList\",\"@id\":\"https:\\\/\\\/diamanttirol.at\\\/see-eislaufen\\\/#breadcrumb\",\"itemListElement\":[{\"@type\":\"ListItem\",\"position\":1,\"name\":\"Home\",\"item\":\"https:\\\/\\\/diamanttirol.at\\\/\"},{\"@type\":\"ListItem\",\"position\":2,\"name\":\"Eislaufen am See\"}]},{\"@type\":\"WebSite\",\"@id\":\"https:\\\/\\\/diamanttirol.at\\\/#website\",\"url\":\"https:\\\/\\\/diamanttirol.at\\\/\",\"name\":\"Diamant Tirol\",\"description\":\"\",\"publisher\":{\"@id\":\"https:\\\/\\\/diamanttirol.at\\\/#organization\"},\"potentialAction\":[{\"@type\":\"SearchAction\",\"target\":{\"@type\":\"EntryPoint\",\"urlTemplate\":\"https:\\\/\\\/diamanttirol.at\\\/?s={search_term_string}\"},\"query-input\":{\"@type\":\"PropertyValueSpecification\",\"valueRequired\":true,\"valueName\":\"search_term_string\"}}],\"inLanguage\":\"en-US\"},{\"@type\":\"Organization\",\"@id\":\"https:\\\/\\\/diamanttirol.at\\\/#organization\",\"name\":\"Diamant Tirol\",\"url\":\"https:\\\/\\\/diamanttirol.at\\\/\",\"logo\":{\"@type\":\"ImageObject\",\"inLanguage\":\"en-US\",\"@id\":\"https:\\\/\\\/diamanttirol.at\\\/#\\\/schema\\\/logo\\\/image\\\/\",\"url\":\"https:\\\/\\\/diamanttirol.at\\\/wp-content\\\/uploads\\\/2024\\\/05\\\/cropped-logo-300x100-1.png\",\"contentUrl\":\"https:\\\/\\\/diamanttirol.at\\\/wp-content\\\/uploads\\\/2024\\\/05\\\/cropped-logo-300x100-1.png\",\"width\":200,\"height\":71,\"caption\":\"Diamant Tirol\"},\"image\":{\"@id\":\"https:\\\/\\\/diamanttirol.at\\\/#\\\/schema\\\/logo\\\/image\\\/\"}}]}<\/script>\n<!-- \/ Yoast SEO plugin. -->","yoast_head_json":{"title":"Ice skating on the lake in Tyrol","description":"Tyrol, a region known for its breathtaking natural beauty, offers a unique experience: ice skating on natural lakes.","robots":{"index":"index","follow":"follow","max-snippet":"max-snippet:-1","max-image-preview":"max-image-preview:large","max-video-preview":"max-video-preview:-1"},"canonical":"https:\/\/diamanttirol.at\/en\/see-eislaufen\/","og_locale":"en_US","og_type":"article","og_title":"Eislaufen am See","og_description":"Diamant Tirol","og_url":"https:\/\/diamanttirol.at\/en\/see-eislaufen\/","article_modified_time":"2023-12-06T15:37:14+00:00","og_image":[{"width":1200,"height":630,"url":"https:\/\/diamanttirol.at\/wp-content\/uploads\/2023\/12\/og-piburger-D4-2021-piburgersee-1780.jpg","type":"image\/jpeg"}],"twitter_card":"summary_large_image","twitter_misc":{"Est. reading time":"3 minutes"},"schema":{"@context":"https:\/\/schema.org","@graph":[{"@type":"WebPage","@id":"https:\/\/diamanttirol.at\/see-eislaufen\/","url":"https:\/\/diamanttirol.at\/see-eislaufen\/","name":"Ice skating on the lake in Tyrol","isPartOf":{"@id":"https:\/\/diamanttirol.at\/#website"},"primaryImageOfPage":{"@id":"https:\/\/diamanttirol.at\/see-eislaufen\/#primaryimage"},"image":{"@id":"https:\/\/diamanttirol.at\/see-eislaufen\/#primaryimage"},"thumbnailUrl":"https:\/\/diamanttirol.at\/wp-content\/uploads\/2023\/12\/piburger-DJI-2021-piburgersee-0123.webp","datePublished":"2023-12-06T15:37:08+00:00","dateModified":"2023-12-06T15:37:14+00:00","description":"Tyrol, a region known for its breathtaking natural beauty, offers a unique experience: ice skating on natural lakes.","breadcrumb":{"@id":"https:\/\/diamanttirol.at\/see-eislaufen\/#breadcrumb"},"inLanguage":"en-US","potentialAction":[{"@type":"ReadAction","target":["https:\/\/diamanttirol.at\/see-eislaufen\/"]}]},{"@type":"ImageObject","inLanguage":"en-US","@id":"https:\/\/diamanttirol.at\/see-eislaufen\/#primaryimage","url":"https:\/\/diamanttirol.at\/wp-content\/uploads\/2023\/12\/piburger-DJI-2021-piburgersee-0123.webp","contentUrl":"https:\/\/diamanttirol.at\/wp-content\/uploads\/2023\/12\/piburger-DJI-2021-piburgersee-0123.webp"},{"@type":"BreadcrumbList","@id":"https:\/\/diamanttirol.at\/see-eislaufen\/#breadcrumb","itemListElement":[{"@type":"ListItem","position":1,"name":"Home","item":"https:\/\/diamanttirol.at\/"},{"@type":"ListItem","position":2,"name":"Eislaufen am See"}]},{"@type":"WebSite","@id":"https:\/\/diamanttirol.at\/#website","url":"https:\/\/diamanttirol.at\/","name":"Diamond Tyrol","description":"","publisher":{"@id":"https:\/\/diamanttirol.at\/#organization"},"potentialAction":[{"@type":"SearchAction","target":{"@type":"EntryPoint","urlTemplate":"https:\/\/diamanttirol.at\/?s={search_term_string}"},"query-input":{"@type":"PropertyValueSpecification","valueRequired":true,"valueName":"search_term_string"}}],"inLanguage":"en-US"},{"@type":"Organization","@id":"https:\/\/diamanttirol.at\/#organization","name":"Diamond Tyrol","url":"https:\/\/diamanttirol.at\/","logo":{"@type":"ImageObject","inLanguage":"en-US","@id":"https:\/\/diamanttirol.at\/#\/schema\/logo\/image\/","url":"https:\/\/diamanttirol.at\/wp-content\/uploads\/2024\/05\/cropped-logo-300x100-1.png","contentUrl":"https:\/\/diamanttirol.at\/wp-content\/uploads\/2024\/05\/cropped-logo-300x100-1.png","width":200,"height":71,"caption":"Diamant Tirol"},"image":{"@id":"https:\/\/diamanttirol.at\/#\/schema\/logo\/image\/"}}]}},"_links":{"self":[{"href":"https:\/\/diamanttirol.at\/en\/wp-json\/wp\/v2\/pages\/5819","targetHints":{"allow":["GET"]}}],"collection":[{"href":"https:\/\/diamanttirol.at\/en\/wp-json\/wp\/v2\/pages"}],"about":[{"href":"https:\/\/diamanttirol.at\/en\/wp-json\/wp\/v2\/types\/page"}],"author":[{"embeddable":true,"href":"https:\/\/diamanttirol.at\/en\/wp-json\/wp\/v2\/users\/1"}],"replies":[{"embeddable":true,"href":"https:\/\/diamanttirol.at\/en\/wp-json\/wp\/v2\/comments?post=5819"}],"version-history":[{"count":0,"href":"https:\/\/diamanttirol.at\/en\/wp-json\/wp\/v2\/pages\/5819\/revisions"}],"wp:attachment":[{"href":"https:\/\/diamanttirol.at\/en\/wp-json\/wp\/v2\/media?parent=5819"}],"curies":[{"name":"wp","href":"https:\/\/api.w.org\/{rel}","templated":true}]}}