{"id":469,"date":"2021-08-10T21:51:32","date_gmt":"2021-08-10T21:51:32","guid":{"rendered":"https:\/\/diamanttirol.at\/?page_id=469"},"modified":"2024-09-04T05:53:18","modified_gmt":"2024-09-04T05:53:18","slug":"stiftstams","status":"publish","type":"page","link":"https:\/\/diamanttirol.at\/en\/stiftstams\/","title":{"rendered":"Stams Abbey in Tyrol"},"content":{"rendered":"<p>Stams Abbey is one of the most important monasteries in Austria. It was founded in 1273 as a family foundation of the Counts of G\u00f6rtz Tyrol.<\/p>\n\n\n\n<figure class=\"wp-block-image size-full\"><img fetchpriority=\"high\" decoding=\"async\" width=\"1200\" height=\"800\" src=\"https:\/\/diamanttirol.at\/wp-content\/uploads\/2024\/01\/stift-stams-DJI-2021-stams-0077-copy-2-1.webp\" alt=\"\" class=\"wp-image-6415\" srcset=\"https:\/\/diamanttirol.at\/wp-content\/uploads\/2024\/01\/stift-stams-DJI-2021-stams-0077-copy-2-1.webp 1200w, https:\/\/diamanttirol.at\/wp-content\/uploads\/2024\/01\/stift-stams-DJI-2021-stams-0077-copy-2-1-768x512.webp 768w, https:\/\/diamanttirol.at\/wp-content\/uploads\/2024\/01\/stift-stams-DJI-2021-stams-0077-copy-2-1-18x12.webp 18w, https:\/\/diamanttirol.at\/wp-content\/uploads\/2024\/01\/stift-stams-DJI-2021-stams-0077-copy-2-1-600x400.webp 600w, https:\/\/diamanttirol.at\/wp-content\/uploads\/2024\/01\/stift-stams-DJI-2021-stams-0077-copy-2-1-100x67.webp 100w\" sizes=\"(max-width: 1200px) 100vw, 1200px\" \/><figcaption class=\"wp-element-caption\">Stams Abbey in Tyrol<\/figcaption><\/figure>\n\n\n\n<p>Today&#039;s monastery was rebuilt in the 17th century after a number of destructions (a fire, looting, damage from the Peasants&#039; War) and completely renovated at the beginning of the 21st century.<\/p>\n\n\n\n<figure class=\"wp-block-image size-full\"><img decoding=\"async\" width=\"1200\" height=\"800\" src=\"https:\/\/diamanttirol.at\/wp-content\/uploads\/2024\/01\/stift-stams-D4-2019-stams-6717-copy-1.webp\" alt=\"\" class=\"wp-image-6416\" srcset=\"https:\/\/diamanttirol.at\/wp-content\/uploads\/2024\/01\/stift-stams-D4-2019-stams-6717-copy-1.webp 1200w, https:\/\/diamanttirol.at\/wp-content\/uploads\/2024\/01\/stift-stams-D4-2019-stams-6717-copy-1-768x512.webp 768w, https:\/\/diamanttirol.at\/wp-content\/uploads\/2024\/01\/stift-stams-D4-2019-stams-6717-copy-1-18x12.webp 18w, https:\/\/diamanttirol.at\/wp-content\/uploads\/2024\/01\/stift-stams-D4-2019-stams-6717-copy-1-600x400.webp 600w, https:\/\/diamanttirol.at\/wp-content\/uploads\/2024\/01\/stift-stams-D4-2019-stams-6717-copy-1-100x67.webp 100w\" sizes=\"(max-width: 1200px) 100vw, 1200px\" \/><figcaption class=\"wp-element-caption\">Stams Abbey<\/figcaption><\/figure>\n\n\n\n<p>Stams Abbey is not only an important religious centre, but also an architectural jewel of Tyrol. In addition to the artistic onion domes, the baroque interior of the Abbey Church of the Assumption of Mary is impressive with frescoes and magnificent altars. The Bernardisaal, which is considered to be one of the most beautiful baroque rooms in the monastery, is particularly worth seeing. The Abbey Garden with its peaceful atmosphere invites you to linger and enjoy. The Abbey is also known for its musical events, including church concerts and choir performances, which regularly take place in the impressive acoustics of the Abbey Church.<\/p>\n\n\n\n<p>Part of the monastery complex can be visited free of charge. The entire monastery (now a museum) can be visited at certain times of the year, information on +43 5263 6242.<\/p>\n\n\n\n<figure class=\"wp-block-image size-full\"><img decoding=\"async\" width=\"1200\" height=\"800\" src=\"https:\/\/diamanttirol.at\/wp-content\/uploads\/2024\/01\/stift-stams-D4-2019-stams-6716-copy.webp\" alt=\"\" class=\"wp-image-6418\" srcset=\"https:\/\/diamanttirol.at\/wp-content\/uploads\/2024\/01\/stift-stams-D4-2019-stams-6716-copy.webp 1200w, https:\/\/diamanttirol.at\/wp-content\/uploads\/2024\/01\/stift-stams-D4-2019-stams-6716-copy-768x512.webp 768w, https:\/\/diamanttirol.at\/wp-content\/uploads\/2024\/01\/stift-stams-D4-2019-stams-6716-copy-18x12.webp 18w, https:\/\/diamanttirol.at\/wp-content\/uploads\/2024\/01\/stift-stams-D4-2019-stams-6716-copy-600x400.webp 600w, https:\/\/diamanttirol.at\/wp-content\/uploads\/2024\/01\/stift-stams-D4-2019-stams-6716-copy-100x67.webp 100w\" sizes=\"(max-width: 1200px) 100vw, 1200px\" \/><figcaption class=\"wp-element-caption\">Garden Stift Stams<\/figcaption><\/figure>\n\n\n\n<p><strong>info<\/strong><br>How to get there: Approximately 25 minutes by car from Innsbruck. Parking spaces are available.<br>Visit: Information on +43 5263 6242.<br>External Link: <a href=\"https:\/\/www.stiftstams.at\/?lang=en\" target=\"_blank\" rel=\"noreferrer noopener\">www.stiftstams.at<\/a><\/p>\n\n\n\n<div class=\"wp-block-group\"><div class=\"wp-block-group__inner-container is-layout-flow wp-block-group-is-layout-flow\"><\/div><\/div>\n\n\n\n<script type=\"application\/ld+json\">{\n    \"@context\": \"https:\\\/\\\/schema.org\",\n    \"@type\": \"FAQPage\",\n    \"mainEntity\": [\n        {\n            \"@type\": \"Question\",\n            \"name\": \"Wie alt ist das Stift Stams?\",\n            \"acceptedAnswer\": {\n                \"@type\": \"Answer\",\n                \"text\": \"Das heutige Kloster wurde nach etlichen Zerst\\u00f6rungen (ein Brand, Pl\\u00fcnderungen, Sch\\u00e4den aus dem Bauernkrieg) im 17. Jahrhundert neu errichtet und zu Beginn des 21. Jahrhunderts komplett saniert.\"\n            }\n        },\n        {\n            \"@type\": \"Question\",\n            \"name\": \"Kann das Stift Stams besichtigt werden?\",\n            \"acceptedAnswer\": {\n                \"@type\": \"Answer\",\n                \"text\": \"Ein Teil der Klosteranlage kann kostenlos besichtigt werden. Das gesamte Kloster (heute ein Museum) kann zu bestimmten Jahreszeiten nach vorzeitiger Anmeldung besucht werden.\"\n            }\n        }\n    ]\n}<\/script>","protected":false},"excerpt":{"rendered":"<p>Stams Abbey is one of the most important monasteries in Austria. It was founded in 1273 as a family foundation of the Counts of G\u00f6rtz, Tyrol. The present monastery was rebuilt in the 17th century after suffering numerous destructions (a fire, looting, and damage from the Peasants&#039; War) and completely renovated at the beginning of the 21st century. Stams Abbey is not only\u2026 <a class=\"more-link\" href=\"https:\/\/diamanttirol.at\/en\/stiftstams\/\">Continue reading <span class=\"screen-reader-text\">Stams Abbey in Tyrol<\/span><\/a><\/p>","protected":false},"author":1,"featured_media":0,"parent":0,"menu_order":0,"comment_status":"closed","ping_status":"closed","template":"","meta":{"_acf_changed":false,"footnotes":""},"class_list":{"0":"post-469","1":"page","2":"type-page","3":"status-publish","5":"entry"},"acf":[],"yoast_head":"<!-- This site is optimized with the Yoast SEO plugin v27.6 - https:\/\/yoast.com\/product\/yoast-seo-wordpress\/ -->\n<title>Stift Stams in Tirol<\/title>\n<meta name=\"description\" content=\"Das Stift Stams ist eines der bedeutendsten Klosters \u00d6sterreichs. Es wurde 1273 als Familienstiftung der Grafen von G\u00f6rtz Tirol gegr\u00fcndet.\" \/>\n<meta name=\"robots\" content=\"index, follow, max-snippet:-1, max-image-preview:large, max-video-preview:-1\" \/>\n<link rel=\"canonical\" href=\"https:\/\/diamanttirol.at\/en\/stiftstams\/\" \/>\n<meta property=\"og:locale\" content=\"en_US\" \/>\n<meta property=\"og:type\" content=\"article\" \/>\n<meta property=\"og:title\" content=\"Stift Stams\" \/>\n<meta property=\"og:description\" content=\"ein Diamant Tirol\" \/>\n<meta property=\"og:url\" content=\"https:\/\/diamanttirol.at\/en\/stiftstams\/\" \/>\n<meta property=\"article:modified_time\" content=\"2024-09-04T05:53:18+00:00\" \/>\n<meta property=\"og:image\" content=\"https:\/\/diamanttirol.at\/wp-content\/uploads\/2021\/08\/og-stift-stams-DJI-2021-stams-0077.jpg\" \/>\n\t<meta property=\"og:image:width\" content=\"1200\" \/>\n\t<meta property=\"og:image:height\" content=\"630\" \/>\n\t<meta property=\"og:image:type\" content=\"image\/jpeg\" \/>\n<meta name=\"twitter:card\" content=\"summary_large_image\" \/>\n<meta name=\"twitter:label1\" content=\"Est. reading time\" \/>\n\t<meta name=\"twitter:data1\" content=\"2 minutes\" \/>\n<script type=\"application\/ld+json\" class=\"yoast-schema-graph\">{\"@context\":\"https:\\\/\\\/schema.org\",\"@graph\":[{\"@type\":\"WebPage\",\"@id\":\"https:\\\/\\\/diamanttirol.at\\\/stiftstams\\\/\",\"url\":\"https:\\\/\\\/diamanttirol.at\\\/stiftstams\\\/\",\"name\":\"Stift Stams in Tirol\",\"isPartOf\":{\"@id\":\"https:\\\/\\\/diamanttirol.at\\\/#website\"},\"primaryImageOfPage\":{\"@id\":\"https:\\\/\\\/diamanttirol.at\\\/stiftstams\\\/#primaryimage\"},\"image\":{\"@id\":\"https:\\\/\\\/diamanttirol.at\\\/stiftstams\\\/#primaryimage\"},\"thumbnailUrl\":\"https:\\\/\\\/diamanttirol.at\\\/wp-content\\\/uploads\\\/2024\\\/01\\\/stift-stams-DJI-2021-stams-0077-copy-2-1.webp\",\"datePublished\":\"2021-08-10T21:51:32+00:00\",\"dateModified\":\"2024-09-04T05:53:18+00:00\",\"description\":\"Das Stift Stams ist eines der bedeutendsten Klosters \u00d6sterreichs. Es wurde 1273 als Familienstiftung der Grafen von G\u00f6rtz Tirol gegr\u00fcndet.\",\"breadcrumb\":{\"@id\":\"https:\\\/\\\/diamanttirol.at\\\/stiftstams\\\/#breadcrumb\"},\"inLanguage\":\"en-US\",\"potentialAction\":[{\"@type\":\"ReadAction\",\"target\":[\"https:\\\/\\\/diamanttirol.at\\\/stiftstams\\\/\"]}]},{\"@type\":\"ImageObject\",\"inLanguage\":\"en-US\",\"@id\":\"https:\\\/\\\/diamanttirol.at\\\/stiftstams\\\/#primaryimage\",\"url\":\"https:\\\/\\\/diamanttirol.at\\\/wp-content\\\/uploads\\\/2024\\\/01\\\/stift-stams-DJI-2021-stams-0077-copy-2-1.webp\",\"contentUrl\":\"https:\\\/\\\/diamanttirol.at\\\/wp-content\\\/uploads\\\/2024\\\/01\\\/stift-stams-DJI-2021-stams-0077-copy-2-1.webp\"},{\"@type\":\"BreadcrumbList\",\"@id\":\"https:\\\/\\\/diamanttirol.at\\\/stiftstams\\\/#breadcrumb\",\"itemListElement\":[{\"@type\":\"ListItem\",\"position\":1,\"name\":\"Home\",\"item\":\"https:\\\/\\\/diamanttirol.at\\\/\"},{\"@type\":\"ListItem\",\"position\":2,\"name\":\"Stift Stams in Tirol\"}]},{\"@type\":\"WebSite\",\"@id\":\"https:\\\/\\\/diamanttirol.at\\\/#website\",\"url\":\"https:\\\/\\\/diamanttirol.at\\\/\",\"name\":\"Diamant Tirol\",\"description\":\"\",\"publisher\":{\"@id\":\"https:\\\/\\\/diamanttirol.at\\\/#organization\"},\"potentialAction\":[{\"@type\":\"SearchAction\",\"target\":{\"@type\":\"EntryPoint\",\"urlTemplate\":\"https:\\\/\\\/diamanttirol.at\\\/?s={search_term_string}\"},\"query-input\":{\"@type\":\"PropertyValueSpecification\",\"valueRequired\":true,\"valueName\":\"search_term_string\"}}],\"inLanguage\":\"en-US\"},{\"@type\":\"Organization\",\"@id\":\"https:\\\/\\\/diamanttirol.at\\\/#organization\",\"name\":\"Diamant Tirol\",\"url\":\"https:\\\/\\\/diamanttirol.at\\\/\",\"logo\":{\"@type\":\"ImageObject\",\"inLanguage\":\"en-US\",\"@id\":\"https:\\\/\\\/diamanttirol.at\\\/#\\\/schema\\\/logo\\\/image\\\/\",\"url\":\"https:\\\/\\\/diamanttirol.at\\\/wp-content\\\/uploads\\\/2024\\\/05\\\/cropped-logo-300x100-1.png\",\"contentUrl\":\"https:\\\/\\\/diamanttirol.at\\\/wp-content\\\/uploads\\\/2024\\\/05\\\/cropped-logo-300x100-1.png\",\"width\":200,\"height\":71,\"caption\":\"Diamant Tirol\"},\"image\":{\"@id\":\"https:\\\/\\\/diamanttirol.at\\\/#\\\/schema\\\/logo\\\/image\\\/\"}}]}<\/script>\n<!-- \/ Yoast SEO plugin. -->","yoast_head_json":{"title":"Stams Abbey in Tyrol","description":"Stams Abbey is one of the most important monasteries in Austria. It was founded in 1273 as a family foundation by the Counts of G\u00f6rtz Tirol.","robots":{"index":"index","follow":"follow","max-snippet":"max-snippet:-1","max-image-preview":"max-image-preview:large","max-video-preview":"max-video-preview:-1"},"canonical":"https:\/\/diamanttirol.at\/en\/stiftstams\/","og_locale":"en_US","og_type":"article","og_title":"Stift Stams","og_description":"ein Diamant Tirol","og_url":"https:\/\/diamanttirol.at\/en\/stiftstams\/","article_modified_time":"2024-09-04T05:53:18+00:00","og_image":[{"width":1200,"height":630,"url":"https:\/\/diamanttirol.at\/wp-content\/uploads\/2021\/08\/og-stift-stams-DJI-2021-stams-0077.jpg","type":"image\/jpeg"}],"twitter_card":"summary_large_image","twitter_misc":{"Est. reading time":"2 minutes"},"schema":{"@context":"https:\/\/schema.org","@graph":[{"@type":"WebPage","@id":"https:\/\/diamanttirol.at\/stiftstams\/","url":"https:\/\/diamanttirol.at\/stiftstams\/","name":"Stams Abbey in Tyrol","isPartOf":{"@id":"https:\/\/diamanttirol.at\/#website"},"primaryImageOfPage":{"@id":"https:\/\/diamanttirol.at\/stiftstams\/#primaryimage"},"image":{"@id":"https:\/\/diamanttirol.at\/stiftstams\/#primaryimage"},"thumbnailUrl":"https:\/\/diamanttirol.at\/wp-content\/uploads\/2024\/01\/stift-stams-DJI-2021-stams-0077-copy-2-1.webp","datePublished":"2021-08-10T21:51:32+00:00","dateModified":"2024-09-04T05:53:18+00:00","description":"Stams Abbey is one of the most important monasteries in Austria. It was founded in 1273 as a family foundation by the Counts of G\u00f6rtz Tirol.","breadcrumb":{"@id":"https:\/\/diamanttirol.at\/stiftstams\/#breadcrumb"},"inLanguage":"en-US","potentialAction":[{"@type":"ReadAction","target":["https:\/\/diamanttirol.at\/stiftstams\/"]}]},{"@type":"ImageObject","inLanguage":"en-US","@id":"https:\/\/diamanttirol.at\/stiftstams\/#primaryimage","url":"https:\/\/diamanttirol.at\/wp-content\/uploads\/2024\/01\/stift-stams-DJI-2021-stams-0077-copy-2-1.webp","contentUrl":"https:\/\/diamanttirol.at\/wp-content\/uploads\/2024\/01\/stift-stams-DJI-2021-stams-0077-copy-2-1.webp"},{"@type":"BreadcrumbList","@id":"https:\/\/diamanttirol.at\/stiftstams\/#breadcrumb","itemListElement":[{"@type":"ListItem","position":1,"name":"Home","item":"https:\/\/diamanttirol.at\/"},{"@type":"ListItem","position":2,"name":"Stift Stams in Tirol"}]},{"@type":"WebSite","@id":"https:\/\/diamanttirol.at\/#website","url":"https:\/\/diamanttirol.at\/","name":"Diamond Tyrol","description":"","publisher":{"@id":"https:\/\/diamanttirol.at\/#organization"},"potentialAction":[{"@type":"SearchAction","target":{"@type":"EntryPoint","urlTemplate":"https:\/\/diamanttirol.at\/?s={search_term_string}"},"query-input":{"@type":"PropertyValueSpecification","valueRequired":true,"valueName":"search_term_string"}}],"inLanguage":"en-US"},{"@type":"Organization","@id":"https:\/\/diamanttirol.at\/#organization","name":"Diamond Tyrol","url":"https:\/\/diamanttirol.at\/","logo":{"@type":"ImageObject","inLanguage":"en-US","@id":"https:\/\/diamanttirol.at\/#\/schema\/logo\/image\/","url":"https:\/\/diamanttirol.at\/wp-content\/uploads\/2024\/05\/cropped-logo-300x100-1.png","contentUrl":"https:\/\/diamanttirol.at\/wp-content\/uploads\/2024\/05\/cropped-logo-300x100-1.png","width":200,"height":71,"caption":"Diamant Tirol"},"image":{"@id":"https:\/\/diamanttirol.at\/#\/schema\/logo\/image\/"}}]}},"_links":{"self":[{"href":"https:\/\/diamanttirol.at\/en\/wp-json\/wp\/v2\/pages\/469","targetHints":{"allow":["GET"]}}],"collection":[{"href":"https:\/\/diamanttirol.at\/en\/wp-json\/wp\/v2\/pages"}],"about":[{"href":"https:\/\/diamanttirol.at\/en\/wp-json\/wp\/v2\/types\/page"}],"author":[{"embeddable":true,"href":"https:\/\/diamanttirol.at\/en\/wp-json\/wp\/v2\/users\/1"}],"replies":[{"embeddable":true,"href":"https:\/\/diamanttirol.at\/en\/wp-json\/wp\/v2\/comments?post=469"}],"version-history":[{"count":0,"href":"https:\/\/diamanttirol.at\/en\/wp-json\/wp\/v2\/pages\/469\/revisions"}],"wp:attachment":[{"href":"https:\/\/diamanttirol.at\/en\/wp-json\/wp\/v2\/media?parent=469"}],"curies":[{"name":"wp","href":"https:\/\/api.w.org\/{rel}","templated":true}]}}