{"id":433,"date":"2021-08-10T19:56:09","date_gmt":"2021-08-10T19:56:09","guid":{"rendered":"https:\/\/diamanttirol.at\/?page_id=433"},"modified":"2024-09-13T16:22:43","modified_gmt":"2024-09-13T16:22:43","slug":"bergiselschanze","status":"publish","type":"page","link":"https:\/\/diamanttirol.at\/en\/bergiselschanze\/","title":{"rendered":"Bergisel ski jump"},"content":{"rendered":"<p>The ski jump on Bergisel in Innsbruck is one of the most impressive modern buildings in Tyrol. Today&#039;s ski jump was built in 2001 based on a project by the famous architect Zaha Hadid.<\/p>\n\n\n\n<figure class=\"wp-block-image size-full\"><img fetchpriority=\"high\" decoding=\"async\" width=\"1200\" height=\"800\" src=\"https:\/\/diamanttirol.at\/wp-content\/uploads\/2024\/01\/bergisel-5D-2018-IBK-0665-copy.webp\" alt=\"\" class=\"wp-image-6398\" srcset=\"https:\/\/diamanttirol.at\/wp-content\/uploads\/2024\/01\/bergisel-5D-2018-IBK-0665-copy.webp 1200w, https:\/\/diamanttirol.at\/wp-content\/uploads\/2024\/01\/bergisel-5D-2018-IBK-0665-copy-768x512.webp 768w, https:\/\/diamanttirol.at\/wp-content\/uploads\/2024\/01\/bergisel-5D-2018-IBK-0665-copy-18x12.webp 18w, https:\/\/diamanttirol.at\/wp-content\/uploads\/2024\/01\/bergisel-5D-2018-IBK-0665-copy-600x400.webp 600w, https:\/\/diamanttirol.at\/wp-content\/uploads\/2024\/01\/bergisel-5D-2018-IBK-0665-copy-100x67.webp 100w\" sizes=\"(max-width: 1200px) 100vw, 1200px\" \/><figcaption class=\"wp-element-caption\">Bergisel Ski Jump in Innsbruck<\/figcaption><\/figure>\n\n\n\n<p>The Bergisel ski jump can be visited independently of ski jumping events. There is an entrance fee. A cable car takes you to the top of the building and a lift takes you up to where the jumpers take off.<\/p>\n\n\n\n<figure class=\"wp-block-image size-full\"><img decoding=\"async\" width=\"1200\" height=\"800\" src=\"https:\/\/diamanttirol.at\/wp-content\/uploads\/2024\/01\/bergisel-5D-2017-IBK-9690-copy.webp\" alt=\"\" class=\"wp-image-6399\" srcset=\"https:\/\/diamanttirol.at\/wp-content\/uploads\/2024\/01\/bergisel-5D-2017-IBK-9690-copy.webp 1200w, https:\/\/diamanttirol.at\/wp-content\/uploads\/2024\/01\/bergisel-5D-2017-IBK-9690-copy-768x512.webp 768w, https:\/\/diamanttirol.at\/wp-content\/uploads\/2024\/01\/bergisel-5D-2017-IBK-9690-copy-18x12.webp 18w, https:\/\/diamanttirol.at\/wp-content\/uploads\/2024\/01\/bergisel-5D-2017-IBK-9690-copy-600x400.webp 600w, https:\/\/diamanttirol.at\/wp-content\/uploads\/2024\/01\/bergisel-5D-2017-IBK-9690-copy-100x67.webp 100w\" sizes=\"(max-width: 1200px) 100vw, 1200px\" \/><figcaption class=\"wp-element-caption\">Bergisel ski jump in winter<\/figcaption><\/figure>\n\n\n\n<p>There is also a panoramic restaurant at the top of the tower and a panoramic viewing platform one floor above. The view over Innsbruck is unique. In the spring and summer (yes, in the summer) people sometimes practice ski jumping and it&#039;s very interesting to watch. Information about this at +43 512 589259.<br>External Link: <a href=\"https:\/\/www.bergisel.info\/\" target=\"_blank\" rel=\"noreferrer noopener\">www.bergisel.info<\/a><\/p>\n\n\n\n<figure class=\"wp-block-image size-full\"><img decoding=\"async\" width=\"1200\" height=\"575\" src=\"https:\/\/diamanttirol.at\/wp-content\/uploads\/2024\/01\/bergisel-HDR2-7845-7847B-copy.webp\" alt=\"\" class=\"wp-image-6400\" srcset=\"https:\/\/diamanttirol.at\/wp-content\/uploads\/2024\/01\/bergisel-HDR2-7845-7847B-copy.webp 1200w, https:\/\/diamanttirol.at\/wp-content\/uploads\/2024\/01\/bergisel-HDR2-7845-7847B-copy-768x368.webp 768w, https:\/\/diamanttirol.at\/wp-content\/uploads\/2024\/01\/bergisel-HDR2-7845-7847B-copy-18x9.webp 18w, https:\/\/diamanttirol.at\/wp-content\/uploads\/2024\/01\/bergisel-HDR2-7845-7847B-copy-600x288.webp 600w, https:\/\/diamanttirol.at\/wp-content\/uploads\/2024\/01\/bergisel-HDR2-7845-7847B-copy-100x48.webp 100w\" sizes=\"(max-width: 1200px) 100vw, 1200px\" \/><figcaption class=\"wp-element-caption\">Panoramic view from the ski jump over Innsbruck<\/figcaption><\/figure>\n\n\n\n<p><strong>info<\/strong><br>Directions: <br><strong>\u2726<\/strong> Take the tram (line 1) to the Bergisel terminus and then walk 20 minutes uphill to the ski jump (partly a somewhat steep slope if you are not sure-footed).<br><strong>\u2726<\/strong> By car to the Bergisel parking lot and another 5 to 10 minutes on foot (a somewhat steep slope).<br><strong>\u2726<\/strong> On foot: From the Triumphpforte (end of Maria-Theresien-Stra\u00dfe) always follow Leopoldstra\u00dfe straight ahead. At the end of Leopoldstrasse, cross a large street and continue straight ahead, past the Glassmayr bell foundry, along Brennerstrasse. Where the Brennerstra\u00dfe makes a big right turn, the path continues through the forest, past the Tirol Panorama Museum and finally to the Bergiselschanze. Duration: approx. 40 minutes.<\/p>\n\n\n\n<p><br>Opening times and prices: Information on +43 512 589259.<\/p>\n\n\n\n<script type=\"application\/ld+json\">{\n    \"@context\": \"https:\\\/\\\/schema.org\",\n    \"@type\": \"FAQPage\",\n    \"mainEntity\": {\n        \"@type\": \"Question\",\n        \"name\": \"Kann ich die Bergisel Schanze zu jeder Jahreszeit besuchen?\",\n        \"acceptedAnswer\": {\n            \"@type\": \"Answer\",\n            \"text\": \"Ja. Oben im Turm gibt es auch ein Panoramarestaurant und einen Stock dar\\u00fcber eine Panoramaausblick-Plattform. Der Blick \\u00fcber Innsbruck ist einzigartig.\"\n        }\n    }\n}<\/script>","protected":false},"excerpt":{"rendered":"<p>The ski jump on the Bergisel in Innsbruck is one of the most impressive modern buildings in Tyrol. The current ski jump was built in 2001 based on a project by the famous architect Zaha Hadid. The Bergisel ski jump can be visited independently of ski jumping events. There is an admission charge. A track leads up to the tower of the ski jump and the lift takes you\u2026 <a class=\"more-link\" href=\"https:\/\/diamanttirol.at\/en\/bergiselschanze\/\">Continue reading <span class=\"screen-reader-text\">Bergisel ski jump<\/span><\/a><\/p>","protected":false},"author":1,"featured_media":0,"parent":0,"menu_order":0,"comment_status":"closed","ping_status":"closed","template":"","meta":{"_acf_changed":false,"footnotes":""},"class_list":{"0":"post-433","1":"page","2":"type-page","3":"status-publish","5":"entry"},"acf":[],"yoast_head":"<!-- This site is optimized with the Yoast SEO plugin v27.5 - https:\/\/yoast.com\/product\/yoast-seo-wordpress\/ -->\n<title>Bergisel Schanze in Tirol<\/title>\n<meta name=\"description\" content=\"Die Bergisel Schanze kann von Innsbruck aus mit dem Auto, zu Fu\u00df oder mit der Stra\u00dfenbahn (+ Fu\u00dfweg) erreicht werden.\" \/>\n<meta name=\"robots\" content=\"index, follow, max-snippet:-1, max-image-preview:large, max-video-preview:-1\" \/>\n<link rel=\"canonical\" href=\"https:\/\/diamanttirol.at\/en\/bergiselschanze\/\" \/>\n<meta property=\"og:locale\" content=\"en_US\" \/>\n<meta property=\"og:type\" content=\"article\" \/>\n<meta property=\"og:title\" content=\"Bergisel Schanze\" \/>\n<meta property=\"og:description\" content=\"ein Diamant Tirol\" \/>\n<meta property=\"og:url\" content=\"https:\/\/diamanttirol.at\/en\/bergiselschanze\/\" \/>\n<meta property=\"article:modified_time\" content=\"2024-09-13T16:22:43+00:00\" \/>\n<meta property=\"og:image\" content=\"https:\/\/diamanttirol.at\/wp-content\/uploads\/2021\/08\/og-bergisel-5D-2017-IBK-9690.jpg\" \/>\n\t<meta property=\"og:image:width\" content=\"1200\" \/>\n\t<meta property=\"og:image:height\" content=\"630\" \/>\n\t<meta property=\"og:image:type\" content=\"image\/jpeg\" \/>\n<meta name=\"twitter:card\" content=\"summary_large_image\" \/>\n<meta name=\"twitter:label1\" content=\"Est. reading time\" \/>\n\t<meta name=\"twitter:data1\" content=\"2 minutes\" \/>\n<script type=\"application\/ld+json\" class=\"yoast-schema-graph\">{\"@context\":\"https:\\\/\\\/schema.org\",\"@graph\":[{\"@type\":\"WebPage\",\"@id\":\"https:\\\/\\\/diamanttirol.at\\\/bergiselschanze\\\/\",\"url\":\"https:\\\/\\\/diamanttirol.at\\\/bergiselschanze\\\/\",\"name\":\"Bergisel Schanze in Tirol\",\"isPartOf\":{\"@id\":\"https:\\\/\\\/diamanttirol.at\\\/#website\"},\"primaryImageOfPage\":{\"@id\":\"https:\\\/\\\/diamanttirol.at\\\/bergiselschanze\\\/#primaryimage\"},\"image\":{\"@id\":\"https:\\\/\\\/diamanttirol.at\\\/bergiselschanze\\\/#primaryimage\"},\"thumbnailUrl\":\"https:\\\/\\\/diamanttirol.at\\\/wp-content\\\/uploads\\\/2024\\\/01\\\/bergisel-5D-2018-IBK-0665-copy.webp\",\"datePublished\":\"2021-08-10T19:56:09+00:00\",\"dateModified\":\"2024-09-13T16:22:43+00:00\",\"description\":\"Die Bergisel Schanze kann von Innsbruck aus mit dem Auto, zu Fu\u00df oder mit der Stra\u00dfenbahn (+ Fu\u00dfweg) erreicht werden.\",\"breadcrumb\":{\"@id\":\"https:\\\/\\\/diamanttirol.at\\\/bergiselschanze\\\/#breadcrumb\"},\"inLanguage\":\"en-US\",\"potentialAction\":[{\"@type\":\"ReadAction\",\"target\":[\"https:\\\/\\\/diamanttirol.at\\\/bergiselschanze\\\/\"]}]},{\"@type\":\"ImageObject\",\"inLanguage\":\"en-US\",\"@id\":\"https:\\\/\\\/diamanttirol.at\\\/bergiselschanze\\\/#primaryimage\",\"url\":\"https:\\\/\\\/diamanttirol.at\\\/wp-content\\\/uploads\\\/2024\\\/01\\\/bergisel-5D-2018-IBK-0665-copy.webp\",\"contentUrl\":\"https:\\\/\\\/diamanttirol.at\\\/wp-content\\\/uploads\\\/2024\\\/01\\\/bergisel-5D-2018-IBK-0665-copy.webp\"},{\"@type\":\"BreadcrumbList\",\"@id\":\"https:\\\/\\\/diamanttirol.at\\\/bergiselschanze\\\/#breadcrumb\",\"itemListElement\":[{\"@type\":\"ListItem\",\"position\":1,\"name\":\"Home\",\"item\":\"https:\\\/\\\/diamanttirol.at\\\/\"},{\"@type\":\"ListItem\",\"position\":2,\"name\":\"Bergisel Schanze\"}]},{\"@type\":\"WebSite\",\"@id\":\"https:\\\/\\\/diamanttirol.at\\\/#website\",\"url\":\"https:\\\/\\\/diamanttirol.at\\\/\",\"name\":\"Diamant Tirol\",\"description\":\"\",\"publisher\":{\"@id\":\"https:\\\/\\\/diamanttirol.at\\\/#organization\"},\"potentialAction\":[{\"@type\":\"SearchAction\",\"target\":{\"@type\":\"EntryPoint\",\"urlTemplate\":\"https:\\\/\\\/diamanttirol.at\\\/?s={search_term_string}\"},\"query-input\":{\"@type\":\"PropertyValueSpecification\",\"valueRequired\":true,\"valueName\":\"search_term_string\"}}],\"inLanguage\":\"en-US\"},{\"@type\":\"Organization\",\"@id\":\"https:\\\/\\\/diamanttirol.at\\\/#organization\",\"name\":\"Diamant Tirol\",\"url\":\"https:\\\/\\\/diamanttirol.at\\\/\",\"logo\":{\"@type\":\"ImageObject\",\"inLanguage\":\"en-US\",\"@id\":\"https:\\\/\\\/diamanttirol.at\\\/#\\\/schema\\\/logo\\\/image\\\/\",\"url\":\"https:\\\/\\\/diamanttirol.at\\\/wp-content\\\/uploads\\\/2024\\\/05\\\/cropped-logo-300x100-1.png\",\"contentUrl\":\"https:\\\/\\\/diamanttirol.at\\\/wp-content\\\/uploads\\\/2024\\\/05\\\/cropped-logo-300x100-1.png\",\"width\":200,\"height\":71,\"caption\":\"Diamant Tirol\"},\"image\":{\"@id\":\"https:\\\/\\\/diamanttirol.at\\\/#\\\/schema\\\/logo\\\/image\\\/\"}}]}<\/script>\n<!-- \/ Yoast SEO plugin. -->","yoast_head_json":{"title":"Bergisel Ski Jump in Tyrol","description":"The ski jump Bergisel Schanze can be reached from Innsbruck by car, on foot or by tram (+ footpath).","robots":{"index":"index","follow":"follow","max-snippet":"max-snippet:-1","max-image-preview":"max-image-preview:large","max-video-preview":"max-video-preview:-1"},"canonical":"https:\/\/diamanttirol.at\/en\/bergiselschanze\/","og_locale":"en_US","og_type":"article","og_title":"Bergisel Schanze","og_description":"ein Diamant Tirol","og_url":"https:\/\/diamanttirol.at\/en\/bergiselschanze\/","article_modified_time":"2024-09-13T16:22:43+00:00","og_image":[{"width":1200,"height":630,"url":"https:\/\/diamanttirol.at\/wp-content\/uploads\/2021\/08\/og-bergisel-5D-2017-IBK-9690.jpg","type":"image\/jpeg"}],"twitter_card":"summary_large_image","twitter_misc":{"Est. reading time":"2 minutes"},"schema":{"@context":"https:\/\/schema.org","@graph":[{"@type":"WebPage","@id":"https:\/\/diamanttirol.at\/bergiselschanze\/","url":"https:\/\/diamanttirol.at\/bergiselschanze\/","name":"Bergisel Ski Jump in Tyrol","isPartOf":{"@id":"https:\/\/diamanttirol.at\/#website"},"primaryImageOfPage":{"@id":"https:\/\/diamanttirol.at\/bergiselschanze\/#primaryimage"},"image":{"@id":"https:\/\/diamanttirol.at\/bergiselschanze\/#primaryimage"},"thumbnailUrl":"https:\/\/diamanttirol.at\/wp-content\/uploads\/2024\/01\/bergisel-5D-2018-IBK-0665-copy.webp","datePublished":"2021-08-10T19:56:09+00:00","dateModified":"2024-09-13T16:22:43+00:00","description":"The ski jump Bergisel Schanze can be reached from Innsbruck by car, on foot or by tram (+ footpath).","breadcrumb":{"@id":"https:\/\/diamanttirol.at\/bergiselschanze\/#breadcrumb"},"inLanguage":"en-US","potentialAction":[{"@type":"ReadAction","target":["https:\/\/diamanttirol.at\/bergiselschanze\/"]}]},{"@type":"ImageObject","inLanguage":"en-US","@id":"https:\/\/diamanttirol.at\/bergiselschanze\/#primaryimage","url":"https:\/\/diamanttirol.at\/wp-content\/uploads\/2024\/01\/bergisel-5D-2018-IBK-0665-copy.webp","contentUrl":"https:\/\/diamanttirol.at\/wp-content\/uploads\/2024\/01\/bergisel-5D-2018-IBK-0665-copy.webp"},{"@type":"BreadcrumbList","@id":"https:\/\/diamanttirol.at\/bergiselschanze\/#breadcrumb","itemListElement":[{"@type":"ListItem","position":1,"name":"Home","item":"https:\/\/diamanttirol.at\/"},{"@type":"ListItem","position":2,"name":"Bergisel Schanze"}]},{"@type":"WebSite","@id":"https:\/\/diamanttirol.at\/#website","url":"https:\/\/diamanttirol.at\/","name":"Diamond Tyrol","description":"","publisher":{"@id":"https:\/\/diamanttirol.at\/#organization"},"potentialAction":[{"@type":"SearchAction","target":{"@type":"EntryPoint","urlTemplate":"https:\/\/diamanttirol.at\/?s={search_term_string}"},"query-input":{"@type":"PropertyValueSpecification","valueRequired":true,"valueName":"search_term_string"}}],"inLanguage":"en-US"},{"@type":"Organization","@id":"https:\/\/diamanttirol.at\/#organization","name":"Diamond Tyrol","url":"https:\/\/diamanttirol.at\/","logo":{"@type":"ImageObject","inLanguage":"en-US","@id":"https:\/\/diamanttirol.at\/#\/schema\/logo\/image\/","url":"https:\/\/diamanttirol.at\/wp-content\/uploads\/2024\/05\/cropped-logo-300x100-1.png","contentUrl":"https:\/\/diamanttirol.at\/wp-content\/uploads\/2024\/05\/cropped-logo-300x100-1.png","width":200,"height":71,"caption":"Diamant Tirol"},"image":{"@id":"https:\/\/diamanttirol.at\/#\/schema\/logo\/image\/"}}]}},"_links":{"self":[{"href":"https:\/\/diamanttirol.at\/en\/wp-json\/wp\/v2\/pages\/433","targetHints":{"allow":["GET"]}}],"collection":[{"href":"https:\/\/diamanttirol.at\/en\/wp-json\/wp\/v2\/pages"}],"about":[{"href":"https:\/\/diamanttirol.at\/en\/wp-json\/wp\/v2\/types\/page"}],"author":[{"embeddable":true,"href":"https:\/\/diamanttirol.at\/en\/wp-json\/wp\/v2\/users\/1"}],"replies":[{"embeddable":true,"href":"https:\/\/diamanttirol.at\/en\/wp-json\/wp\/v2\/comments?post=433"}],"version-history":[{"count":0,"href":"https:\/\/diamanttirol.at\/en\/wp-json\/wp\/v2\/pages\/433\/revisions"}],"wp:attachment":[{"href":"https:\/\/diamanttirol.at\/en\/wp-json\/wp\/v2\/media?parent=433"}],"curies":[{"name":"wp","href":"https:\/\/api.w.org\/{rel}","templated":true}]}}